{"id":201,"date":"2016-12-06T14:57:56","date_gmt":"2016-12-06T12:57:56","guid":{"rendered":"http:\/\/tekno-test.fi\/wordpress\/wordpress\/?page_id=201"},"modified":"2023-06-03T12:11:58","modified_gmt":"2023-06-03T10:11:58","slug":"paineruiskut","status":"publish","type":"page","link":"https:\/\/tekno-test.fi\/fi\/paineruiskut\/","title":{"rendered":"Paineruiskut"},"content":{"rendered":"<p>Gloria tarjoaa laadukkaita ja erikokoisia paineruiskuja vaativaan k\u00e4ytt\u00f6\u00f6n esimerkiksi teollisuudessa tai maataloudessa.<\/p>\n<p><img loading=\"lazy\" decoding=\"async\" class=\"alignnone wp-image-287 size-full\" src=\"https:\/\/tekno-test.fi\/wordpress\/wp-content\/uploads\/2016\/12\/Prima-5-pieni.jpg\" alt=\"\" width=\"299\" height=\"299\" srcset=\"https:\/\/tekno-test.fi\/wordpress\/wp-content\/uploads\/2016\/12\/Prima-5-pieni.jpg 299w, https:\/\/tekno-test.fi\/wordpress\/wp-content\/uploads\/2016\/12\/Prima-5-pieni-100x100.jpg 100w, https:\/\/tekno-test.fi\/wordpress\/wp-content\/uploads\/2016\/12\/Prima-5-pieni-150x150.jpg 150w\" sizes=\"auto, (max-width: 299px) 100vw, 299px\" \/><img loading=\"lazy\" decoding=\"async\" class=\"alignnone wp-image-288 size-full\" src=\"https:\/\/tekno-test.fi\/wordpress\/wp-content\/uploads\/2016\/12\/pro5-180x300.jpg\" alt=\"\" width=\"180\" height=\"300\" \/><\/p>\n<p>Klikkaamalla linkki\u00e4 p\u00e4\u00e4set tutustumaan valikoimaamme Turvanasi sivustolla.<br \/>\n<a href=\"https:\/\/turvanasi.fi\/tuote-osasto\/muut-tuotteet\/paineruiskut\/\">Paineruiskut<\/a><\/p>\n","protected":false},"excerpt":{"rendered":"<p>Gloria tarjoaa laadukkaita ja erikokoisia paineruiskuja vaativaan k\u00e4ytt\u00f6\u00f6n esimerkiksi teollisuudessa tai maataloudessa. Klikkaamalla linkki\u00e4 p\u00e4\u00e4set tutustumaan valikoimaamme Turvanasi sivustolla. Paineruiskut<\/p>\n","protected":false},"author":1,"featured_media":0,"parent":0,"menu_order":0,"comment_status":"closed","ping_status":"closed","template":"","meta":{"footnotes":""},"class_list":["post-201","page","type-page","status-publish","hentry"],"translation":{"provider":"WPGlobus","version":"3.0.2","language":"fi","enabled_languages":["sv","fi"],"languages":{"sv":{"title":true,"content":true,"excerpt":false},"fi":{"title":true,"content":true,"excerpt":false}}},"_links":{"self":[{"href":"https:\/\/tekno-test.fi\/fi\/wp-json\/wp\/v2\/pages\/201","targetHints":{"allow":["GET"]}}],"collection":[{"href":"https:\/\/tekno-test.fi\/fi\/wp-json\/wp\/v2\/pages"}],"about":[{"href":"https:\/\/tekno-test.fi\/fi\/wp-json\/wp\/v2\/types\/page"}],"author":[{"embeddable":true,"href":"https:\/\/tekno-test.fi\/fi\/wp-json\/wp\/v2\/users\/1"}],"replies":[{"embeddable":true,"href":"https:\/\/tekno-test.fi\/fi\/wp-json\/wp\/v2\/comments?post=201"}],"version-history":[{"count":11,"href":"https:\/\/tekno-test.fi\/fi\/wp-json\/wp\/v2\/pages\/201\/revisions"}],"predecessor-version":[{"id":1683,"href":"https:\/\/tekno-test.fi\/fi\/wp-json\/wp\/v2\/pages\/201\/revisions\/1683"}],"wp:attachment":[{"href":"https:\/\/tekno-test.fi\/fi\/wp-json\/wp\/v2\/media?parent=201"}],"curies":[{"name":"wp","href":"https:\/\/api.w.org\/{rel}","templated":true}]}}