{"id":2,"date":"2016-05-10T03:48:21","date_gmt":"2016-05-10T01:48:21","guid":{"rendered":"http:\/\/wp452m.a10-52-158-154.qa.plesk.ru\/wordpress\/?page_id=2"},"modified":"2026-02-23T16:11:44","modified_gmt":"2026-02-23T14:11:44","slug":"sample-page","status":"publish","type":"page","link":"https:\/\/tekno-test.fi\/fi\/","title":{"rendered":"Tekno-Test Ab"},"content":{"rendered":"<h3>\u00a0<\/h3>\r\n<div id=\"metaslider-id-1039\" style=\"width: 100%;\" class=\"ml-slider-3-105-0 metaslider metaslider-flex metaslider-1039 ml-slider has-dots-nav ms-theme-default\" role=\"region\" aria-label=\"Nytt bildspel\" data-height=\"1000\" data-width=\"1500\">\n    <div id=\"metaslider_container_1039\">\n        <div id=\"metaslider_1039\">\n            <ul class='slides'>\n                <li style=\"display: block; width: 100%;\" class=\"slide-1059 ms-image \" aria-roledescription=\"slide\" data-date=\"2019-02-14 14:52:29\" data-filename=\"Utanfor-tt-1500x1000.jpg\" data-slide-type=\"image\"><img loading=\"lazy\" decoding=\"async\" src=\"https:\/\/tekno-test.fi\/wordpress\/wp-content\/uploads\/2020\/10\/Utanfor-tt-1500x1000.jpg\" height=\"1000\" width=\"1500\" alt=\"\" class=\"slider-1039 slide-1059 msDefaultImage\" title=\"Utanf\u00f6r tt\" \/><div class=\"caption-wrap\"><div class=\"caption\">V\u00e4lkommen till Tekno-Test!  \/  Tervetuloa Tekno-Testiin!<\/div><\/div><\/li>\n                <li style=\"display: none; width: 100%;\" class=\"slide-1045 ms-image \" aria-roledescription=\"slide\" data-date=\"2019-02-14 14:16:46\" data-filename=\"slide-1-1500x1000.jpg\" data-slide-type=\"image\"><img loading=\"lazy\" decoding=\"async\" src=\"https:\/\/tekno-test.fi\/wordpress\/wp-content\/uploads\/2019\/02\/slide-1-1500x1000.jpg\" height=\"1000\" width=\"1500\" alt=\"\" class=\"slider-1039 slide-1045 msDefaultImage\" title=\"slide-1\" \/><\/li>\n                <li style=\"display: none; width: 100%;\" class=\"slide-1044 ms-image \" aria-roledescription=\"slide\" data-date=\"2019-02-14 14:16:46\" data-filename=\"slide2-1500x1000.jpg\" data-slide-type=\"image\"><img loading=\"lazy\" decoding=\"async\" src=\"https:\/\/tekno-test.fi\/wordpress\/wp-content\/uploads\/2019\/02\/slide2-1500x1000.jpg\" height=\"1000\" width=\"1500\" alt=\"\" class=\"slider-1039 slide-1044 msDefaultImage\" title=\"slide2\" \/><div class=\"caption-wrap\"><div class=\"caption\">V\u00e4lj spr\u00e5k fr\u00e5n huvudmenyn \/ Valitse kieli p\u00e4\u00e4valikosta<\/div><\/div><\/li>\n                <li style=\"display: none; width: 100%;\" class=\"slide-1043 ms-image \" aria-roledescription=\"slide\" data-date=\"2019-02-14 14:16:46\" data-filename=\"slide3-1500x1000.jpg\" data-slide-type=\"image\"><img loading=\"lazy\" decoding=\"async\" src=\"https:\/\/tekno-test.fi\/wordpress\/wp-content\/uploads\/2019\/02\/slide3-1500x1000.jpg\" height=\"1000\" width=\"1500\" alt=\"\" class=\"slider-1039 slide-1043 msDefaultImage\" title=\"slide3\" \/><\/li>\n            <\/ul>\n        <\/div>\n        \n    <\/div>\n<\/div>\r\n\r\n<p class=\"has-text-align-center has-medium-font-size\"><strong>Ajankohtaista<\/strong><\/p>\r\n\r\n\r\n\r\n<div class=\"wp-block-group is-layout-flow wp-block-group-is-layout-flow\">\r\n<div class=\"wp-block-columns is-layout-flex wp-container-core-columns-is-layout-28f84493 wp-block-columns-is-layout-flex\">\r\n<div class=\"wp-block-column is-layout-flow wp-block-column-is-layout-flow\" style=\"flex-basis: 100%;\">\r\n<div class=\"wp-block-columns is-layout-flex wp-container-core-columns-is-layout-28f84493 wp-block-columns-is-layout-flex\">\r\n<div class=\"wp-block-column is-layout-flow wp-block-column-is-layout-flow\">\r\n<div class=\"wp-block-group is-nowrap is-layout-flex wp-container-core-group-is-layout-6c531013 wp-block-group-is-layout-flex\">\r\n<blockquote class=\"wp-block-quote has-text-align-center is-layout-flow wp-block-quote-is-layout-flow\">\r\n<p class=\"has-medium-font-size\">Meid\u00e4n lankapuhelinnumero lakkaa toimimasta maaliskuussa. Pyyd\u00e4mme teit\u00e4 k\u00e4ytt\u00e4m\u00e4\u00e4n 045 248 9609 numeron jatkossa. (Fredrik)<\/p>\r\n<\/blockquote>\r\n<\/div>\r\n\r\n\r\n\r\n<figure class=\"wp-block-image aligncenter size-medium is-style-rounded\"><img loading=\"lazy\" decoding=\"async\" width=\"225\" height=\"300\" class=\"wp-image-1170\" src=\"https:\/\/tekno-test.fi\/wordpress\/wp-content\/uploads\/2020\/03\/53224161_1118240731633177_4067700243993460736_o-225x300.jpg\" alt=\"\" srcset=\"https:\/\/tekno-test.fi\/wordpress\/wp-content\/uploads\/2020\/03\/53224161_1118240731633177_4067700243993460736_o-225x300.jpg 225w, https:\/\/tekno-test.fi\/wordpress\/wp-content\/uploads\/2020\/03\/53224161_1118240731633177_4067700243993460736_o-800x1067.jpg 800w, https:\/\/tekno-test.fi\/wordpress\/wp-content\/uploads\/2020\/03\/53224161_1118240731633177_4067700243993460736_o-768x1024.jpg 768w, https:\/\/tekno-test.fi\/wordpress\/wp-content\/uploads\/2020\/03\/53224161_1118240731633177_4067700243993460736_o-1152x1536.jpg 1152w, https:\/\/tekno-test.fi\/wordpress\/wp-content\/uploads\/2020\/03\/53224161_1118240731633177_4067700243993460736_o-830x1107.jpg 830w, https:\/\/tekno-test.fi\/wordpress\/wp-content\/uploads\/2020\/03\/53224161_1118240731633177_4067700243993460736_o-230x307.jpg 230w, https:\/\/tekno-test.fi\/wordpress\/wp-content\/uploads\/2020\/03\/53224161_1118240731633177_4067700243993460736_o-350x467.jpg 350w, https:\/\/tekno-test.fi\/wordpress\/wp-content\/uploads\/2020\/03\/53224161_1118240731633177_4067700243993460736_o-480x640.jpg 480w, https:\/\/tekno-test.fi\/wordpress\/wp-content\/uploads\/2020\/03\/53224161_1118240731633177_4067700243993460736_o.jpg 1296w\" sizes=\"auto, (max-width: 225px) 100vw, 225px\" \/><\/figure>\r\n\r\n\r\n\r\n<blockquote class=\"wp-block-quote has-text-align-center is-layout-flow wp-block-quote-is-layout-flow\">\r\n<p class=\"has-medium-font-size\">Meill\u00e4 k\u00e4sisammutintarkastukset yleens\u00e4 odottaessa.<\/p>\r\n<cite>jos olette tuomassa isomman er\u00e4n, jonotustilanteen voi tarkistaa numerosta 045 248 9609<\/cite><\/blockquote>\r\n<\/div>\r\n<\/div>\r\n<\/div>\r\n<\/div>\r\n<\/div>\r\n\r\n\r\n\r\n<div class=\"wp-block-group is-layout-flow wp-block-group-is-layout-flow\">\r\n<figure class=\"wp-block-image aligncenter size-medium is-style-rounded\"><img loading=\"lazy\" decoding=\"async\" width=\"300\" height=\"225\" class=\"wp-image-1192\" src=\"https:\/\/tekno-test.fi\/wordpress\/wp-content\/uploads\/2020\/03\/20200331_114307-300x225.jpg\" alt=\"\" srcset=\"https:\/\/tekno-test.fi\/wordpress\/wp-content\/uploads\/2020\/03\/20200331_114307-300x225.jpg 300w, https:\/\/tekno-test.fi\/wordpress\/wp-content\/uploads\/2020\/03\/20200331_114307-800x599.jpg 800w, https:\/\/tekno-test.fi\/wordpress\/wp-content\/uploads\/2020\/03\/20200331_114307-1024x766.jpg 1024w, https:\/\/tekno-test.fi\/wordpress\/wp-content\/uploads\/2020\/03\/20200331_114307-768x575.jpg 768w, https:\/\/tekno-test.fi\/wordpress\/wp-content\/uploads\/2020\/03\/20200331_114307-830x621.jpg 830w, https:\/\/tekno-test.fi\/wordpress\/wp-content\/uploads\/2020\/03\/20200331_114307-230x172.jpg 230w, https:\/\/tekno-test.fi\/wordpress\/wp-content\/uploads\/2020\/03\/20200331_114307-350x262.jpg 350w, https:\/\/tekno-test.fi\/wordpress\/wp-content\/uploads\/2020\/03\/20200331_114307-480x359.jpg 480w, https:\/\/tekno-test.fi\/wordpress\/wp-content\/uploads\/2020\/03\/20200331_114307.jpg 1288w\" sizes=\"auto, (max-width: 300px) 100vw, 300px\" \/><\/figure>\r\n<\/div>\r\n\r\n\r\n\r\n<blockquote class=\"wp-block-quote has-text-align-center is-style-large is-layout-flow wp-block-quote-is-layout-flow\">\r\n<p class=\"has-medium-font-size\">Suoritamme nestekaasuj\u00e4rjestelmien asennukset ja huollot<\/p>\r\n<cite>esim. matkailuajoneuvojen koeponnistukset. varaa aika numerosta 045 248 9609 (Fredrik) <\/cite><\/blockquote>\r\n\r\n\r\n<hr class=\"wp-block-separator has-css-opacity is-style-wide\" \/>\r\n\r\n\r\n<h5 class=\"wp-block-heading has-text-align-center has-medium-font-size\"><strong>Historia<\/strong><\/h5>\r\n\r\n\r\n\r\n<ul class=\"wp-block-list\">\r\n<li>Kaj Helenius perusti 1970-luvulla\u00a0yhti\u00f6n nimell\u00e4\u00a0<strong>Tekno-Test K.Helenius<\/strong><\/li>\r\n\r\n\r\n\r\n<li>Vuonna 1993 Tore Lindberg, entinen automekaanikko, palkattiin Tekno-Test K.Heleniukseen huoltomieheksi ja samalla liiketoimintaa laajennettiin AGA kaasunmyynnill\u00e4<\/li>\r\n\r\n\r\n\r\n<li>Vuonna 1998 Tore osti liiketoiminnan vaimonsa Gunvorin kanssa ja yhti\u00f6 nimettiin\u00a0<strong>Tekno-Test T&amp;G Lindberg<\/strong>iksi<\/li>\r\n\r\n\r\n\r\n<li>Vuonna 2008 liiketoimintaa laajennettiin<strong> Honda<\/strong> pienkonemyynill\u00e4 sek\u00e4 huollolla<\/li>\r\n\r\n\r\n\r\n<li>Vuonna 2019 tehtiin yhti\u00f6muodon muutos osakeyhti\u00f6ksi ja yritys nimettiin\u00a0<strong>Tekno-Test Ab<\/strong>ksi<strong>. <\/strong>Samalla Fredrik lis\u00e4ttiin yhti\u00f6\u00f6n varsinaiseksi j\u00e4seneksi<\/li>\r\n\r\n\r\n\r\n<li>Vuonna 2020 l\u00e4htien myynniss\u00e4 on my\u00f6s Cramerin akkuk\u00e4ytt\u00f6iset puutarhakoneet.<\/li>\r\n\r\n\r\n\r\n<li>Vuonna 2021 yhti\u00f6 sai nestekaasuasennusten hyv\u00e4ksytyn liikkeen p\u00e4tevyysluokan, P &lt;70kW.<\/li>\r\n<\/ul>\r\n\r\n\r\n\r\n<figure class=\"wp-block-image is-style-rounded\"><a href=\"http:\/\/www.turvanasi.fi\/\"><img loading=\"lazy\" decoding=\"async\" width=\"800\" height=\"104\" class=\"wp-image-50\" src=\"https:\/\/tekno-test.fi\/wordpresswp-content\/uploads\/2016\/05\/header-image.gif.png\" alt=\"\" srcset=\"https:\/\/tekno-test.fi\/wordpress\/wp-content\/uploads\/2016\/05\/header-image.gif.png 800w, https:\/\/tekno-test.fi\/wordpress\/wp-content\/uploads\/2016\/05\/header-image.gif-300x39.png 300w, https:\/\/tekno-test.fi\/wordpress\/wp-content\/uploads\/2016\/05\/header-image.gif-768x100.png 768w\" sizes=\"auto, (max-width: 800px) 100vw, 800px\" \/><\/a><\/figure>\r\n\r\n\r\n\r\n<p class=\"has-text-align-center\">\u00a0<\/p>\r\n","protected":false},"excerpt":{"rendered":"<p>\u00a0 Ajankohtaista Meid\u00e4n lankapuhelinnumero lakkaa toimimasta maaliskuussa. Pyyd\u00e4mme teit\u00e4 k\u00e4ytt\u00e4m\u00e4\u00e4n 045 248 9609 numeron jatkossa. (Fredrik) Meill\u00e4 k\u00e4sisammutintarkastukset yleens\u00e4 odottaessa. Suoritamme nestekaasuj\u00e4rjestelmien [&hellip;]<\/p>\n","protected":false},"author":1,"featured_media":0,"parent":0,"menu_order":0,"comment_status":"closed","ping_status":"closed","template":"","meta":{"footnotes":""},"class_list":["post-2","page","type-page","status-publish","hentry"],"translation":{"provider":"WPGlobus","version":"3.0.2","language":"fi","enabled_languages":["sv","fi"],"languages":{"sv":{"title":true,"content":true,"excerpt":false},"fi":{"title":true,"content":true,"excerpt":false}}},"_links":{"self":[{"href":"https:\/\/tekno-test.fi\/fi\/wp-json\/wp\/v2\/pages\/2","targetHints":{"allow":["GET"]}}],"collection":[{"href":"https:\/\/tekno-test.fi\/fi\/wp-json\/wp\/v2\/pages"}],"about":[{"href":"https:\/\/tekno-test.fi\/fi\/wp-json\/wp\/v2\/types\/page"}],"author":[{"embeddable":true,"href":"https:\/\/tekno-test.fi\/fi\/wp-json\/wp\/v2\/users\/1"}],"replies":[{"embeddable":true,"href":"https:\/\/tekno-test.fi\/fi\/wp-json\/wp\/v2\/comments?post=2"}],"version-history":[{"count":174,"href":"https:\/\/tekno-test.fi\/fi\/wp-json\/wp\/v2\/pages\/2\/revisions"}],"predecessor-version":[{"id":1764,"href":"https:\/\/tekno-test.fi\/fi\/wp-json\/wp\/v2\/pages\/2\/revisions\/1764"}],"wp:attachment":[{"href":"https:\/\/tekno-test.fi\/fi\/wp-json\/wp\/v2\/media?parent=2"}],"curies":[{"name":"wp","href":"https:\/\/api.w.org\/{rel}","templated":true}]}}