{"id":198,"date":"2016-12-06T14:57:32","date_gmt":"2016-12-06T12:57:32","guid":{"rendered":"http:\/\/tekno-test.fi\/wordpress\/wordpress\/?page_id=198"},"modified":"2023-06-03T11:50:39","modified_gmt":"2023-06-03T09:50:39","slug":"turvaopasteet-ja-monenlaiset-kyltit","status":"publish","type":"page","link":"https:\/\/tekno-test.fi\/fi\/turvaopasteet-ja-monenlaiset-kyltit\/","title":{"rendered":"Turvaopasteet ja kyltit"},"content":{"rendered":"<p>Meill\u00e4 on laaja yhteisty\u00f6 kylttivalmistajien kanssa, niin meilt\u00e4 saa kaikenlaiset kyltit.<\/p>\n<ul>\n<li>Poistumistiekyltit<\/li>\n<li>Sammutinmerkit<\/li>\n<li>Opastekyltit<\/li>\n<li>Tiekyltit, liikennemerkit ja niiden tolpat, pylv\u00e4\u00e4t ja kiinnikkeet<\/li>\n<li>Osoitekyltit<\/li>\n<li>Opastetaulut<\/li>\n<li>Meilt\u00e4 my\u00f6s esim. j\u00e4lkivalaisevat poistumistiekaaviot.<\/li>\n<\/ul>\n<p><img loading=\"lazy\" decoding=\"async\" class=\"wp-image-116 size-full\" src=\"https:\/\/tekno-test.fi\/wordpress\/wp-content\/uploads\/2016\/11\/sammutinmerkki.jpg\" alt=\"\" width=\"250\" height=\"350\" srcset=\"https:\/\/tekno-test.fi\/wordpress\/wp-content\/uploads\/2016\/11\/sammutinmerkki.jpg 250w, https:\/\/tekno-test.fi\/wordpress\/wp-content\/uploads\/2016\/11\/sammutinmerkki-214x300.jpg 214w\" sizes=\"auto, (max-width: 250px) 100vw, 250px\" \/><\/p>\n<p><img loading=\"lazy\" decoding=\"async\" class=\"wp-image-1215 size-full aligncenter\" src=\"https:\/\/tekno-test.fi\/wordpress\/wp-content\/uploads\/2020\/03\/modell-utryming.png\" alt=\"\" width=\"574\" height=\"427\" srcset=\"https:\/\/tekno-test.fi\/wordpress\/wp-content\/uploads\/2020\/03\/modell-utryming.png 574w, https:\/\/tekno-test.fi\/wordpress\/wp-content\/uploads\/2020\/03\/modell-utryming-300x223.png 300w, https:\/\/tekno-test.fi\/wordpress\/wp-content\/uploads\/2020\/03\/modell-utryming-230x171.png 230w, https:\/\/tekno-test.fi\/wordpress\/wp-content\/uploads\/2020\/03\/modell-utryming-350x260.png 350w, https:\/\/tekno-test.fi\/wordpress\/wp-content\/uploads\/2020\/03\/modell-utryming-480x357.png 480w\" sizes=\"auto, (max-width: 574px) 100vw, 574px\" \/><\/p>\n<p><img loading=\"lazy\" decoding=\"async\" class=\"wp-image-850 size-full aligncenter\" src=\"https:\/\/tekno-test.fi\/wordpress\/wp-content\/uploads\/2018\/02\/so52300.jpg\" alt=\"\" width=\"180\" height=\"180\" srcset=\"https:\/\/tekno-test.fi\/wordpress\/wp-content\/uploads\/2018\/02\/so52300.jpg 180w, https:\/\/tekno-test.fi\/wordpress\/wp-content\/uploads\/2018\/02\/so52300-100x100.jpg 100w, https:\/\/tekno-test.fi\/wordpress\/wp-content\/uploads\/2018\/02\/so52300-150x150.jpg 150w\" sizes=\"auto, (max-width: 180px) 100vw, 180px\" \/><img loading=\"lazy\" decoding=\"async\" class=\"wp-image-1355 size-full aligncenter\" src=\"https:\/\/tekno-test.fi\/wordpress\/wp-content\/uploads\/2021\/09\/e2-pysakointipaikka.jpg\" alt=\"\" width=\"615\" height=\"761\" srcset=\"https:\/\/tekno-test.fi\/wordpress\/wp-content\/uploads\/2021\/09\/e2-pysakointipaikka.jpg 615w, https:\/\/tekno-test.fi\/wordpress\/wp-content\/uploads\/2021\/09\/e2-pysakointipaikka-242x300.jpg 242w, https:\/\/tekno-test.fi\/wordpress\/wp-content\/uploads\/2021\/09\/e2-pysakointipaikka-230x285.jpg 230w, https:\/\/tekno-test.fi\/wordpress\/wp-content\/uploads\/2021\/09\/e2-pysakointipaikka-350x433.jpg 350w, https:\/\/tekno-test.fi\/wordpress\/wp-content\/uploads\/2021\/09\/e2-pysakointipaikka-480x594.jpg 480w\" sizes=\"auto, (max-width: 615px) 100vw, 615px\" \/><\/p>\n","protected":false},"excerpt":{"rendered":"<p>Meill\u00e4 on laaja yhteisty\u00f6 kylttivalmistajien kanssa, niin meilt\u00e4 saa kaikenlaiset kyltit. Poistumistiekyltit Sammutinmerkit Opastekyltit Tiekyltit, liikennemerkit ja niiden tolpat, pylv\u00e4\u00e4t ja kiinnikkeet [&hellip;]<\/p>\n","protected":false},"author":1,"featured_media":0,"parent":0,"menu_order":0,"comment_status":"closed","ping_status":"closed","template":"","meta":{"footnotes":""},"class_list":["post-198","page","type-page","status-publish","hentry"],"translation":{"provider":"WPGlobus","version":"3.0.2","language":"fi","enabled_languages":["sv","fi"],"languages":{"sv":{"title":true,"content":true,"excerpt":false},"fi":{"title":true,"content":true,"excerpt":false}}},"_links":{"self":[{"href":"https:\/\/tekno-test.fi\/fi\/wp-json\/wp\/v2\/pages\/198","targetHints":{"allow":["GET"]}}],"collection":[{"href":"https:\/\/tekno-test.fi\/fi\/wp-json\/wp\/v2\/pages"}],"about":[{"href":"https:\/\/tekno-test.fi\/fi\/wp-json\/wp\/v2\/types\/page"}],"author":[{"embeddable":true,"href":"https:\/\/tekno-test.fi\/fi\/wp-json\/wp\/v2\/users\/1"}],"replies":[{"embeddable":true,"href":"https:\/\/tekno-test.fi\/fi\/wp-json\/wp\/v2\/comments?post=198"}],"version-history":[{"count":17,"href":"https:\/\/tekno-test.fi\/fi\/wp-json\/wp\/v2\/pages\/198\/revisions"}],"predecessor-version":[{"id":1667,"href":"https:\/\/tekno-test.fi\/fi\/wp-json\/wp\/v2\/pages\/198\/revisions\/1667"}],"wp:attachment":[{"href":"https:\/\/tekno-test.fi\/fi\/wp-json\/wp\/v2\/media?parent=198"}],"curies":[{"name":"wp","href":"https:\/\/api.w.org\/{rel}","templated":true}]}}