{"id":192,"date":"2016-12-06T14:56:31","date_gmt":"2016-12-06T12:56:31","guid":{"rendered":"http:\/\/tekno-test.fi\/wordpress\/wordpress\/?page_id=192"},"modified":"2023-06-03T12:14:54","modified_gmt":"2023-06-03T10:14:54","slug":"palovaroittimet","status":"publish","type":"page","link":"https:\/\/tekno-test.fi\/fi\/palovaroittimet\/","title":{"rendered":"Palovaroittimet"},"content":{"rendered":"<p>Erityyppisi\u00e4 palo sek\u00e4 h\u00e4k\u00e4varoittimia. Esimerkkiksi ionisoivia ja optisia palovaroittimia paristoilla tai 10 vuoden litium akuilla.<\/p>\n<p><img loading=\"lazy\" decoding=\"async\" class=\"alignnone wp-image-1651 size-full\" src=\"https:\/\/tekno-test.fi\/wordpress\/wp-content\/uploads\/2023\/06\/18-0000-21-gs526-kartong_brv.jpg\" alt=\"\" width=\"500\" height=\"500\" srcset=\"https:\/\/tekno-test.fi\/wordpress\/wp-content\/uploads\/2023\/06\/18-0000-21-gs526-kartong_brv.jpg 500w, https:\/\/tekno-test.fi\/wordpress\/wp-content\/uploads\/2023\/06\/18-0000-21-gs526-kartong_brv-300x300.jpg 300w, https:\/\/tekno-test.fi\/wordpress\/wp-content\/uploads\/2023\/06\/18-0000-21-gs526-kartong_brv-150x150.jpg 150w, https:\/\/tekno-test.fi\/wordpress\/wp-content\/uploads\/2023\/06\/18-0000-21-gs526-kartong_brv-230x230.jpg 230w, https:\/\/tekno-test.fi\/wordpress\/wp-content\/uploads\/2023\/06\/18-0000-21-gs526-kartong_brv-350x350.jpg 350w, https:\/\/tekno-test.fi\/wordpress\/wp-content\/uploads\/2023\/06\/18-0000-21-gs526-kartong_brv-480x480.jpg 480w\" sizes=\"auto, (max-width: 500px) 100vw, 500px\" \/><\/p>\n","protected":false},"excerpt":{"rendered":"<p>Erityyppisi\u00e4 palo sek\u00e4 h\u00e4k\u00e4varoittimia. Esimerkkiksi ionisoivia ja optisia palovaroittimia paristoilla tai 10 vuoden litium akuilla.<\/p>\n","protected":false},"author":1,"featured_media":0,"parent":0,"menu_order":0,"comment_status":"closed","ping_status":"closed","template":"","meta":{"footnotes":""},"class_list":["post-192","page","type-page","status-publish","hentry"],"translation":{"provider":"WPGlobus","version":"3.0.2","language":"fi","enabled_languages":["sv","fi"],"languages":{"sv":{"title":true,"content":true,"excerpt":false},"fi":{"title":true,"content":true,"excerpt":false}}},"_links":{"self":[{"href":"https:\/\/tekno-test.fi\/fi\/wp-json\/wp\/v2\/pages\/192","targetHints":{"allow":["GET"]}}],"collection":[{"href":"https:\/\/tekno-test.fi\/fi\/wp-json\/wp\/v2\/pages"}],"about":[{"href":"https:\/\/tekno-test.fi\/fi\/wp-json\/wp\/v2\/types\/page"}],"author":[{"embeddable":true,"href":"https:\/\/tekno-test.fi\/fi\/wp-json\/wp\/v2\/users\/1"}],"replies":[{"embeddable":true,"href":"https:\/\/tekno-test.fi\/fi\/wp-json\/wp\/v2\/comments?post=192"}],"version-history":[{"count":13,"href":"https:\/\/tekno-test.fi\/fi\/wp-json\/wp\/v2\/pages\/192\/revisions"}],"predecessor-version":[{"id":1685,"href":"https:\/\/tekno-test.fi\/fi\/wp-json\/wp\/v2\/pages\/192\/revisions\/1685"}],"wp:attachment":[{"href":"https:\/\/tekno-test.fi\/fi\/wp-json\/wp\/v2\/media?parent=192"}],"curies":[{"name":"wp","href":"https:\/\/api.w.org\/{rel}","templated":true}]}}