{"id":189,"date":"2016-12-06T14:56:08","date_gmt":"2016-12-06T12:56:08","guid":{"rendered":"http:\/\/tekno-test.fi\/wordpress\/wordpress\/?page_id=189"},"modified":"2026-04-13T11:27:47","modified_gmt":"2026-04-13T09:27:47","slug":"sammutuspeitteet-ja-hitsauspeitteet","status":"publish","type":"page","link":"https:\/\/tekno-test.fi\/fi\/sammutuspeitteet-ja-hitsauspeitteet\/","title":{"rendered":"Sammutuspeitteet ja Hitsauspeitteet"},"content":{"rendered":"<p>Sammutuspeitteet ja hitsauspeitteet<\/p>\n<p><img loading=\"lazy\" decoding=\"async\" class=\"alignnone wp-image-847 size-full\" src=\"https:\/\/tekno-test.fi\/wordpress\/wp-content\/uploads\/2018\/02\/sos180.jpg\" alt=\"\" width=\"204\" height=\"195\" \/><\/p>\n<p><img loading=\"lazy\" decoding=\"async\" class=\"alignnone wp-image-244 size-full\" src=\"https:\/\/tekno-test.fi\/wordpress\/wp-content\/uploads\/2016\/12\/68.jpg\" alt=\"\" width=\"195\" height=\"125\" \/><\/p>\n<p>Klikkaamalla linkki\u00e4 p\u00e4\u00e4set tutustumaan valikoimaamme Turvanasi sivustolla.<\/p>\n<p><a href=\"https:\/\/turvanasi.fi\/tuote-osasto\/alkusammutus\/sammutuspeitteet\/\">Sammutuspeitteet<\/a><\/p>\n<p>&nbsp;<\/p>\n","protected":false},"excerpt":{"rendered":"<p>Sammutuspeitteet ja hitsauspeitteet Klikkaamalla linkki\u00e4 p\u00e4\u00e4set tutustumaan valikoimaamme Turvanasi sivustolla. Sammutuspeitteet &nbsp;<\/p>\n","protected":false},"author":1,"featured_media":0,"parent":0,"menu_order":0,"comment_status":"closed","ping_status":"closed","template":"","meta":{"footnotes":""},"class_list":["post-189","page","type-page","status-publish","hentry"],"translation":{"provider":"WPGlobus","version":"3.0.2","language":"fi","enabled_languages":["sv","fi"],"languages":{"sv":{"title":true,"content":true,"excerpt":false},"fi":{"title":true,"content":true,"excerpt":false}}},"_links":{"self":[{"href":"https:\/\/tekno-test.fi\/fi\/wp-json\/wp\/v2\/pages\/189","targetHints":{"allow":["GET"]}}],"collection":[{"href":"https:\/\/tekno-test.fi\/fi\/wp-json\/wp\/v2\/pages"}],"about":[{"href":"https:\/\/tekno-test.fi\/fi\/wp-json\/wp\/v2\/types\/page"}],"author":[{"embeddable":true,"href":"https:\/\/tekno-test.fi\/fi\/wp-json\/wp\/v2\/users\/1"}],"replies":[{"embeddable":true,"href":"https:\/\/tekno-test.fi\/fi\/wp-json\/wp\/v2\/comments?post=189"}],"version-history":[{"count":37,"href":"https:\/\/tekno-test.fi\/fi\/wp-json\/wp\/v2\/pages\/189\/revisions"}],"predecessor-version":[{"id":1783,"href":"https:\/\/tekno-test.fi\/fi\/wp-json\/wp\/v2\/pages\/189\/revisions\/1783"}],"wp:attachment":[{"href":"https:\/\/tekno-test.fi\/fi\/wp-json\/wp\/v2\/media?parent=189"}],"curies":[{"name":"wp","href":"https:\/\/api.w.org\/{rel}","templated":true}]}}