{"id":186,"date":"2016-12-06T14:55:36","date_gmt":"2016-12-06T12:55:36","guid":{"rendered":"http:\/\/tekno-test.fi\/wordpress\/wordpress\/?page_id=186"},"modified":"2023-06-03T12:27:28","modified_gmt":"2023-06-03T10:27:28","slug":"kuvut","status":"publish","type":"page","link":"https:\/\/tekno-test.fi\/fi\/kuvut\/","title":{"rendered":"Sammuttimien tarvikkeet"},"content":{"rendered":"\n<p>Laadukkaat tarvikkeet antaa\u00a0suojaa k\u00e4sisammuttimille niin ajoneuvoissa kuin kiinteist\u00f6iss\u00e4kin.<\/p>\n\n\n\n<div class=\"wp-block-columns is-layout-flex wp-container-core-columns-is-layout-28f84493 wp-block-columns-is-layout-flex\">\n<div class=\"wp-block-column is-layout-flow wp-block-column-is-layout-flow\" style=\"flex-basis:100%\">\n<p><\/p>\n\n\n\n<figure class=\"wp-block-gallery has-nested-images columns-default is-cropped wp-block-gallery-1 is-layout-flex wp-block-gallery-is-layout-flex\">\n<figure class=\"wp-block-image size-full\"><img loading=\"lazy\" decoding=\"async\" width=\"108\" height=\"176\" data-id=\"36\" src=\"https:\/\/tekno-test.fi\/wordpress\/wp-content\/uploads\/2016\/11\/image6811.png\" alt=\"\" class=\"wp-image-36\"\/><\/figure>\n\n\n\n<figure class=\"wp-block-image size-full\"><img loading=\"lazy\" decoding=\"async\" width=\"333\" height=\"500\" data-id=\"35\" src=\"https:\/\/tekno-test.fi\/wordpress\/wp-content\/uploads\/2016\/11\/image683.jpg\" alt=\"\" class=\"wp-image-35\" srcset=\"https:\/\/tekno-test.fi\/wordpress\/wp-content\/uploads\/2016\/11\/image683.jpg 333w, https:\/\/tekno-test.fi\/wordpress\/wp-content\/uploads\/2016\/11\/image683-200x300.jpg 200w\" sizes=\"auto, (max-width: 333px) 100vw, 333px\" \/><\/figure>\n\n\n\n<figure class=\"wp-block-image size-full\"><img loading=\"lazy\" decoding=\"async\" width=\"145\" height=\"295\" data-id=\"843\" src=\"https:\/\/tekno-test.fi\/wordpress\/wp-content\/uploads\/2018\/02\/sosh12.jpg\" alt=\"\" class=\"wp-image-843\"\/><\/figure>\n<\/figure>\n<\/div>\n<\/div>\n\n\n\n<p>Klikkaamalla linkki\u00e4 p\u00e4\u00e4set tutustumaan valikoimaamme Turvanasi sivustolla.<\/p>\n\n\n\n<p><a href=\"https:\/\/turvanasi.fi\/tuote-osasto\/alkusammutus\/sammuttimien-tarvikkeet\/\">Sammuttimien Tarvikkeet<\/a><\/p>\n","protected":false},"excerpt":{"rendered":"<p>Laadukkaat tarvikkeet antaa\u00a0suojaa k\u00e4sisammuttimille niin ajoneuvoissa kuin kiinteist\u00f6iss\u00e4kin. Klikkaamalla linkki\u00e4 p\u00e4\u00e4set tutustumaan valikoimaamme Turvanasi sivustolla. Sammuttimien Tarvikkeet<\/p>\n","protected":false},"author":1,"featured_media":0,"parent":0,"menu_order":0,"comment_status":"closed","ping_status":"closed","template":"","meta":{"footnotes":""},"class_list":["post-186","page","type-page","status-publish","hentry"],"translation":{"provider":"WPGlobus","version":"3.0.2","language":"fi","enabled_languages":["sv","fi"],"languages":{"sv":{"title":true,"content":true,"excerpt":false},"fi":{"title":true,"content":true,"excerpt":false}}},"_links":{"self":[{"href":"https:\/\/tekno-test.fi\/fi\/wp-json\/wp\/v2\/pages\/186","targetHints":{"allow":["GET"]}}],"collection":[{"href":"https:\/\/tekno-test.fi\/fi\/wp-json\/wp\/v2\/pages"}],"about":[{"href":"https:\/\/tekno-test.fi\/fi\/wp-json\/wp\/v2\/types\/page"}],"author":[{"embeddable":true,"href":"https:\/\/tekno-test.fi\/fi\/wp-json\/wp\/v2\/users\/1"}],"replies":[{"embeddable":true,"href":"https:\/\/tekno-test.fi\/fi\/wp-json\/wp\/v2\/comments?post=186"}],"version-history":[{"count":18,"href":"https:\/\/tekno-test.fi\/fi\/wp-json\/wp\/v2\/pages\/186\/revisions"}],"predecessor-version":[{"id":1693,"href":"https:\/\/tekno-test.fi\/fi\/wp-json\/wp\/v2\/pages\/186\/revisions\/1693"}],"wp:attachment":[{"href":"https:\/\/tekno-test.fi\/fi\/wp-json\/wp\/v2\/media?parent=186"}],"curies":[{"name":"wp","href":"https:\/\/api.w.org\/{rel}","templated":true}]}}