{"id":178,"date":"2016-12-06T14:53:10","date_gmt":"2016-12-06T12:53:10","guid":{"rendered":"http:\/\/tekno-test.fi\/wordpress\/wordpress\/?page_id=178"},"modified":"2026-04-13T09:49:48","modified_gmt":"2026-04-13T07:49:48","slug":"sammuttimet","status":"publish","type":"page","link":"https:\/\/tekno-test.fi\/fi\/sammuttimet\/","title":{"rendered":"Sammuttimet"},"content":{"rendered":"\r\n<p>&nbsp;<\/p>\r\n\r\n\r\n\r\n<p>Myymme tunnetut Gloria ja Alku k\u00e4sisammuttimet.<\/p>\r\n\r\n\r\n\r\n<ul class=\"wp-block-list\">\r\n<li>Nestevaahtosammuttimet kotiin tai julkisiin tiloihin<\/li>\r\n\r\n\r\n\r\n<li>Rasvapalosammutin ravintolakeitti\u00f6ihin<\/li>\r\n\r\n\r\n\r\n<li>Jauhesammutin ajoneuvoihin tai kylmiin tiloihin<\/li>\r\n\r\n\r\n\r\n<li>Hiilidioksiidisammutin esim. s\u00e4hk\u00f6keskuksiin<\/li>\r\n<\/ul>\r\n<p>&nbsp;<\/p>\r\n<p><strong>JAUHESAMMUTTIMET<\/strong><\/p>\r\n\r\n\r\n\r\n<div class=\"wp-block-group is-layout-flow wp-block-group-is-layout-flow\">\r\n<div class=\"wp-block-columns is-layout-flex wp-container-core-columns-is-layout-28f84493 wp-block-columns-is-layout-flex\">\r\n<div class=\"wp-block-column is-layout-flow wp-block-column-is-layout-flow\">\r\n<div class=\"wp-block-media-text alignwide\">\r\n<figure class=\"wp-block-media-text__media\"><\/figure>\r\n<div class=\"wp-block-media-text__content\">\r\n<figure class=\"wp-block-media-text__media\"><img loading=\"lazy\" decoding=\"async\" class=\"alignnone wp-image-1766 size-full\" src=\"https:\/\/tekno-test.fi\/wordpress\/wp-content\/uploads\/2026\/04\/PK2K.png\" alt=\"\" width=\"500\" height=\"500\" srcset=\"https:\/\/tekno-test.fi\/wordpress\/wp-content\/uploads\/2026\/04\/PK2K.png 500w, https:\/\/tekno-test.fi\/wordpress\/wp-content\/uploads\/2026\/04\/PK2K-300x300.png 300w, https:\/\/tekno-test.fi\/wordpress\/wp-content\/uploads\/2026\/04\/PK2K-150x150.png 150w, https:\/\/tekno-test.fi\/wordpress\/wp-content\/uploads\/2026\/04\/PK2K-230x230.png 230w, https:\/\/tekno-test.fi\/wordpress\/wp-content\/uploads\/2026\/04\/PK2K-350x350.png 350w, https:\/\/tekno-test.fi\/wordpress\/wp-content\/uploads\/2026\/04\/PK2K-480x480.png 480w\" sizes=\"auto, (max-width: 500px) 100vw, 500px\" \/><\/figure>\r\n<div class=\"wp-block-media-text__content\">\r\n<p class=\"has-small-font-size\"><strong>PRIMEX PK2K<\/strong><\/p>\r\n<\/div>\r\n\r\n\r\n\r\n<p class=\"has-small-font-size\">2KG 13A 89B C<br \/>-30 &#8211; +60 \u00b0C<\/p>\r\n\r\n\r\n\r\n<p class=\"has-small-font-size\">Se edullinen vaihtoehto matkailuautoon tai veneeseen.\u00a0<\/p>\r\n<\/div>\r\n<\/div>\r\n<\/div>\r\n\r\n\r\n\r\n<div class=\"wp-block-column is-layout-flow wp-block-column-is-layout-flow\">\r\n<div class=\"wp-block-media-text alignwide\" style=\"grid-template-columns: 44% auto;\">\r\n<figure class=\"wp-block-media-text__media\"><img loading=\"lazy\" decoding=\"async\" width=\"168\" height=\"295\" class=\"wp-image-1314 size-full\" src=\"https:\/\/tekno-test.fi\/wordpress\/wp-content\/uploads\/2020\/10\/p2gm-2.jpg\" alt=\"\" \/><\/figure>\r\n<div class=\"wp-block-media-text__content\">\r\n<p class=\"has-small-font-size\"><strong>GLORIA P2GM<\/strong><\/p>\r\n\r\n\r\n\r\n<p class=\"has-small-font-size\">2KG 13A 89B C<br \/>-30 &#8211; +60 \u00b0C<\/p>\r\n\r\n\r\n\r\n<p class=\"has-small-font-size\">Hyv\u00e4 valinta veneisiin ja pieniin ty\u00f6koneisiin. Eritt\u00e4in tukeva teline joka ei ruostu.<\/p>\r\n<\/div>\r\n<\/div>\r\n<\/div>\r\n<\/div>\r\n\r\n\r\n\r\n<div class=\"wp-block-columns is-layout-flex wp-container-core-columns-is-layout-28f84493 wp-block-columns-is-layout-flex\">\r\n<div class=\"wp-block-column is-layout-flow wp-block-column-is-layout-flow\">\r\n<div class=\"wp-block-media-text alignwide\">\r\n<figure class=\"wp-block-media-text__media\">\r\n<p><img loading=\"lazy\" decoding=\"async\" class=\"wp-image-6 size-full\" src=\"https:\/\/tekno-test.fi\/wordpress\/wp-content\/uploads\/2016\/11\/cropped-Gloria-brandsl\u00e4ckare.jpg\" alt=\"\" width=\"512\" height=\"512\" srcset=\"https:\/\/tekno-test.fi\/wordpress\/wp-content\/uploads\/2016\/11\/cropped-Gloria-brandsl\u00e4ckare.jpg 512w, https:\/\/tekno-test.fi\/wordpress\/wp-content\/uploads\/2016\/11\/cropped-Gloria-brandsl\u00e4ckare-150x150.jpg 150w, https:\/\/tekno-test.fi\/wordpress\/wp-content\/uploads\/2016\/11\/cropped-Gloria-brandsl\u00e4ckare-300x300.jpg 300w, https:\/\/tekno-test.fi\/wordpress\/wp-content\/uploads\/2016\/11\/cropped-Gloria-brandsl\u00e4ckare-270x270.jpg 270w, https:\/\/tekno-test.fi\/wordpress\/wp-content\/uploads\/2016\/11\/cropped-Gloria-brandsl\u00e4ckare-192x192.jpg 192w, https:\/\/tekno-test.fi\/wordpress\/wp-content\/uploads\/2016\/11\/cropped-Gloria-brandsl\u00e4ckare-180x180.jpg 180w, https:\/\/tekno-test.fi\/wordpress\/wp-content\/uploads\/2016\/11\/cropped-Gloria-brandsl\u00e4ckare-32x32.jpg 32w\" sizes=\"auto, (max-width: 512px) 100vw, 512px\" \/><\/p>\r\n<\/figure>\r\n<div class=\"wp-block-media-text__content\">\r\n<p class=\"has-small-font-size\"><strong>GLORIA PD6GA<\/strong><\/p>\r\n\r\n\r\n\r\n<p class=\"has-small-font-size\">6KG 34A 183B C<br \/>-30 &#8211; +60 \u00b0C<\/p>\r\n\r\n\r\n\r\n<p class=\"has-small-font-size\">Yleissammutin.<\/p>\r\n<\/div>\r\n<\/div>\r\n<\/div>\r\n\r\n\r\n\r\n<div class=\"wp-block-column is-layout-flow wp-block-column-is-layout-flow\">\r\n<div class=\"wp-block-media-text alignwide\" style=\"grid-template-columns: 57% auto;\">\r\n<figure class=\"wp-block-media-text__media\"><img loading=\"lazy\" decoding=\"async\" width=\"195\" height=\"272\" class=\"wp-image-1310 size-full\" src=\"https:\/\/tekno-test.fi\/wordpress\/wp-content\/uploads\/2020\/10\/pd6gx.jpg\" alt=\"\" \/><\/figure>\r\n<div class=\"wp-block-media-text__content\">\r\n<p class=\"has-small-font-size\"><strong>GLORIA PD6GX<\/strong><\/p>\r\n\r\n\r\n\r\n<p class=\"has-small-font-size\">6KG 55A 233B C<br \/>-30 &#8211; +60 \u00b0C<\/p>\r\n\r\n\r\n\r\n<p class=\"has-small-font-size\">Korkein teholuokka vaikka 6kg. Suosittu valinta maatiloille.<\/p>\r\n<\/div>\r\n<\/div>\r\n<\/div>\r\n<\/div>\r\n\r\n\r\n\r\n<div class=\"wp-block-columns is-layout-flex wp-container-core-columns-is-layout-28f84493 wp-block-columns-is-layout-flex\">\r\n<div class=\"wp-block-column is-layout-flow wp-block-column-is-layout-flow\">\r\n<div class=\"wp-block-media-text alignwide\">\r\n<figure class=\"wp-block-media-text__media\"><img loading=\"lazy\" decoding=\"async\" width=\"164\" height=\"295\" class=\"wp-image-1311 size-full\" src=\"https:\/\/tekno-test.fi\/wordpress\/wp-content\/uploads\/2020\/10\/pd12ga.jpg\" alt=\"\" \/><\/figure>\r\n<div class=\"wp-block-media-text__content\">\r\n<p class=\"has-small-font-size\"><strong>GLORIA PD12GA<\/strong><\/p>\r\n\r\n\r\n\r\n<p class=\"has-small-font-size\">12KG 55A 233B C<br \/>-30 &#8211; +60 \u00b0C<\/p>\r\n\r\n\r\n\r\n<p class=\"has-small-font-size\">12kg jauhesammutin. l\u00e4hinn\u00e4 teollisuuteen.<\/p>\r\n<\/div>\r\n<\/div>\r\n<\/div>\r\n\r\n\r\n\r\n<div class=\"wp-block-column is-layout-flow wp-block-column-is-layout-flow\">\u00a0<\/div>\r\n<\/div>\r\n\r\n\r\n\r\n<p><strong>NESTEVAAHTOSAMMUTTIMET<\/strong><\/p>\r\n\r\n\r\n\r\n<div class=\"wp-block-columns is-layout-flex wp-container-core-columns-is-layout-28f84493 wp-block-columns-is-layout-flex\">\r\n<div class=\"wp-block-column is-layout-flow wp-block-column-is-layout-flow\">\r\n<div class=\"wp-block-media-text alignwide\">\r\n<figure class=\"wp-block-media-text__media\"><img loading=\"lazy\" decoding=\"async\" class=\"alignnone wp-image-1773 size-full\" src=\"https:\/\/tekno-test.fi\/wordpress\/wp-content\/uploads\/2026\/04\/sosd6e-alku-nestesammutin-6-l-sd6e.png\" alt=\"\" width=\"500\" height=\"500\" srcset=\"https:\/\/tekno-test.fi\/wordpress\/wp-content\/uploads\/2026\/04\/sosd6e-alku-nestesammutin-6-l-sd6e.png 500w, https:\/\/tekno-test.fi\/wordpress\/wp-content\/uploads\/2026\/04\/sosd6e-alku-nestesammutin-6-l-sd6e-300x300.png 300w, https:\/\/tekno-test.fi\/wordpress\/wp-content\/uploads\/2026\/04\/sosd6e-alku-nestesammutin-6-l-sd6e-150x150.png 150w, https:\/\/tekno-test.fi\/wordpress\/wp-content\/uploads\/2026\/04\/sosd6e-alku-nestesammutin-6-l-sd6e-230x230.png 230w, https:\/\/tekno-test.fi\/wordpress\/wp-content\/uploads\/2026\/04\/sosd6e-alku-nestesammutin-6-l-sd6e-350x350.png 350w, https:\/\/tekno-test.fi\/wordpress\/wp-content\/uploads\/2026\/04\/sosd6e-alku-nestesammutin-6-l-sd6e-480x480.png 480w\" sizes=\"auto, (max-width: 500px) 100vw, 500px\" \/><\/figure>\r\n<div class=\"wp-block-media-text__content\">\r\n<p class=\"has-small-font-size\"><strong>ALKU SD6E<\/strong><\/p>\r\n\r\n\r\n\r\n<p class=\"has-small-font-size\">6L 21A 113B<br \/>0 \u2013 +60 \u00b0C<\/p>\r\n\r\n\r\n\r\n<p class=\"has-small-font-size\">PFAS vapaa. Suosittu valinta kodille. Nestevaahto-sammutin, niin n\u00e4kyvyys s\u00e4ilyy k\u00e4yt\u00f6n aikana ja j\u00e4lkisiivous on pienempi kuin jauheella.<\/p>\r\n\r\n\r\n\r\n<p>&nbsp;<\/p>\r\n<\/div>\r\n<\/div>\r\n\r\n\r\n\r\n<p>&nbsp;<\/p>\r\n<\/div>\r\n\r\n\r\n\r\n<div class=\"wp-block-column is-layout-flow wp-block-column-is-layout-flow\">\r\n<div class=\"wp-block-media-text alignwide\" style=\"grid-template-columns: 71% auto;\">\r\n<figure class=\"wp-block-media-text__media\"><img loading=\"lazy\" decoding=\"async\" class=\"alignnone wp-image-1775 size-full\" src=\"https:\/\/tekno-test.fi\/wordpress\/wp-content\/uploads\/2026\/04\/sosdp6.png\" alt=\"\" width=\"500\" height=\"500\" srcset=\"https:\/\/tekno-test.fi\/wordpress\/wp-content\/uploads\/2026\/04\/sosdp6.png 500w, https:\/\/tekno-test.fi\/wordpress\/wp-content\/uploads\/2026\/04\/sosdp6-300x300.png 300w, https:\/\/tekno-test.fi\/wordpress\/wp-content\/uploads\/2026\/04\/sosdp6-150x150.png 150w, https:\/\/tekno-test.fi\/wordpress\/wp-content\/uploads\/2026\/04\/sosdp6-230x230.png 230w, https:\/\/tekno-test.fi\/wordpress\/wp-content\/uploads\/2026\/04\/sosdp6-350x350.png 350w, https:\/\/tekno-test.fi\/wordpress\/wp-content\/uploads\/2026\/04\/sosdp6-480x480.png 480w\" sizes=\"auto, (max-width: 500px) 100vw, 500px\" \/><\/figure>\r\n<div class=\"wp-block-media-text__content\">\r\n<p class=\"has-small-font-size\"><strong>GLORIA SD6P<\/strong><\/p>\r\n\r\n\r\n\r\n<p class=\"has-small-font-size\">6L 34A 144B<br \/>0 \u2013 +60 \u00b0C<\/p>\r\n\r\n\r\n\r\n<p class=\"has-small-font-size\">PFAS vapaa. Hyv\u00e4 sammutusteho hehkupaloihin. Mainio valinta asunto-kiinteist\u00f6ihin, sek\u00e4 julkisiin tiloihin.<\/p>\r\n<\/div>\r\n<\/div>\r\n\r\n\r\n\r\n<p>&nbsp;<\/p>\r\n<\/div>\r\n<\/div>\r\n\r\n\r\n\r\n<div class=\"wp-block-columns is-layout-flex wp-container-core-columns-is-layout-28f84493 wp-block-columns-is-layout-flex\">\r\n<div class=\"wp-block-column is-layout-flow wp-block-column-is-layout-flow\">\r\n<div class=\"wp-block-media-text alignwide\" style=\"grid-template-columns: 67% auto;\">\r\n<figure class=\"wp-block-media-text__media\"><img loading=\"lazy\" decoding=\"async\" class=\"alignnone wp-image-1775 size-full\" src=\"https:\/\/tekno-test.fi\/wordpress\/wp-content\/uploads\/2026\/04\/sosdp6.png\" alt=\"\" width=\"500\" height=\"500\" srcset=\"https:\/\/tekno-test.fi\/wordpress\/wp-content\/uploads\/2026\/04\/sosdp6.png 500w, https:\/\/tekno-test.fi\/wordpress\/wp-content\/uploads\/2026\/04\/sosdp6-300x300.png 300w, https:\/\/tekno-test.fi\/wordpress\/wp-content\/uploads\/2026\/04\/sosdp6-150x150.png 150w, https:\/\/tekno-test.fi\/wordpress\/wp-content\/uploads\/2026\/04\/sosdp6-230x230.png 230w, https:\/\/tekno-test.fi\/wordpress\/wp-content\/uploads\/2026\/04\/sosdp6-350x350.png 350w, https:\/\/tekno-test.fi\/wordpress\/wp-content\/uploads\/2026\/04\/sosdp6-480x480.png 480w\" sizes=\"auto, (max-width: 500px) 100vw, 500px\" \/><\/figure>\r\n<div class=\"wp-block-media-text__content\">\r\n<p class=\"has-small-font-size\"><strong>GLORIA SD9P<\/strong><\/p>\r\n\r\n\r\n\r\n<p class=\"has-small-font-size\">9L 43A183B<br \/>0 \u2013 +60 \u00b0C<\/p>\r\n\r\n\r\n\r\n<p class=\"has-small-font-size\">PFAS vapaa. Korkeatehoinen 9-litrainen nestesammutin.<\/p>\r\n<\/div>\r\n<\/div>\r\n\r\n\r\n\r\n<p>&nbsp;<\/p>\r\n<\/div>\r\n\r\n\r\n\r\n<div class=\"wp-block-column is-layout-flow wp-block-column-is-layout-flow\">\r\n<p>&nbsp;<\/p>\r\n<\/div>\r\n<\/div>\r\n\r\n\r\n\r\n<p><strong>RASVAPALOSAMMUTIN<\/strong><\/p>\r\n\r\n\r\n\r\n<div class=\"wp-block-columns is-layout-flex wp-container-core-columns-is-layout-28f84493 wp-block-columns-is-layout-flex\">\r\n<div class=\"wp-block-column is-layout-flow wp-block-column-is-layout-flow\">\r\n<div class=\"wp-block-media-text alignwide\" style=\"grid-template-columns: 67% auto;\">\r\n<figure class=\"wp-block-media-text__media\"><img loading=\"lazy\" decoding=\"async\" class=\"alignnone wp-image-1778 size-full\" src=\"https:\/\/tekno-test.fi\/wordpress\/wp-content\/uploads\/2026\/04\/sofda6_1.png\" alt=\"\" width=\"500\" height=\"500\" srcset=\"https:\/\/tekno-test.fi\/wordpress\/wp-content\/uploads\/2026\/04\/sofda6_1.png 500w, https:\/\/tekno-test.fi\/wordpress\/wp-content\/uploads\/2026\/04\/sofda6_1-300x300.png 300w, https:\/\/tekno-test.fi\/wordpress\/wp-content\/uploads\/2026\/04\/sofda6_1-150x150.png 150w, https:\/\/tekno-test.fi\/wordpress\/wp-content\/uploads\/2026\/04\/sofda6_1-230x230.png 230w, https:\/\/tekno-test.fi\/wordpress\/wp-content\/uploads\/2026\/04\/sofda6_1-350x350.png 350w, https:\/\/tekno-test.fi\/wordpress\/wp-content\/uploads\/2026\/04\/sofda6_1-480x480.png 480w\" sizes=\"auto, (max-width: 500px) 100vw, 500px\" \/><\/figure>\r\n<div class=\"wp-block-media-text__content\">\r\n<p class=\"has-small-font-size\"><strong>GLORIA FDA6<\/strong><\/p>\r\n\r\n\r\n\r\n<p class=\"has-small-font-size\">6L 13A 75F<br \/>-5 &#8211; +60 \u00b0C<\/p>\r\n\r\n\r\n\r\n<p class=\"has-small-font-size\">Turvallinen valinta ravintolakeitti\u00f6lle. Kest\u00e4\u00e4 pakkasta vaikka nestem\u00e4inen sammute.<\/p>\r\n<\/div>\r\n<\/div>\r\n<\/div>\r\n\r\n\r\n\r\n<div class=\"wp-block-column is-layout-flow wp-block-column-is-layout-flow\">\r\n<p>&nbsp;<\/p>\r\n<\/div>\r\n<\/div>\r\n\r\n\r\n\r\n<p><strong>HIILIDIOKSIIDISAMMUTTIMET<\/strong><\/p>\r\n\r\n\r\n\r\n<div class=\"wp-block-columns is-layout-flex wp-container-core-columns-is-layout-28f84493 wp-block-columns-is-layout-flex\">\r\n<div class=\"wp-block-column is-layout-flow wp-block-column-is-layout-flow\">\r\n<div class=\"wp-block-media-text alignwide\">\r\n<div class=\"wp-block-media-text__content\">\r\n\r\n\r\n<p>&nbsp;<\/p>\r\n<\/div>\r\n<\/div>\r\n<\/div>\r\n\r\n\r\n\r\n<div class=\"wp-block-column is-layout-flow wp-block-column-is-layout-flow\">\r\n<div class=\"wp-block-media-text alignwide\" style=\"grid-template-columns: 71% auto;\">\r\n<figure class=\"wp-block-media-text__media\"><img loading=\"lazy\" decoding=\"async\" width=\"179\" height=\"295\" class=\"wp-image-1320 size-full\" src=\"https:\/\/tekno-test.fi\/wordpress\/wp-content\/uploads\/2020\/10\/ks5se.jpg\" alt=\"\" \/><\/figure>\r\n<div class=\"wp-block-media-text__content\">\r\n<p class=\"has-small-font-size\"><strong>GLORIA KS5SE<\/strong><\/p>\r\n\r\n\r\n\r\n<p class=\"has-small-font-size\">5KG 89B<br \/>-30 &#8211; +60 \u00b0C<\/p>\r\n\r\n\r\n\r\n<p class=\"has-small-font-size\">5kg hiilidioksiidi.<br \/>L\u00f6ytyy sek\u00e4 ter\u00e4s, ett\u00e4 alumiinis\u00e4ili\u00f6ll\u00e4.<\/p>\r\n<\/div>\r\n<\/div>\r\n\r\n\r\n\r\n<p>&nbsp;<\/p>\r\n<\/div>\r\n<\/div>\r\n\r\n\r\n\r\n<p>TEOLLISUUSSAMMUTTIMET<\/p>\r\n\r\n\r\n\r\n<div class=\"wp-block-columns is-layout-flex wp-container-core-columns-is-layout-28f84493 wp-block-columns-is-layout-flex\">\r\n<div class=\"wp-block-column is-layout-flow wp-block-column-is-layout-flow\">\r\n<div class=\"wp-block-media-text alignwide\">\r\n<figure class=\"wp-block-media-text__media\"><img loading=\"lazy\" decoding=\"async\" width=\"150\" height=\"295\" class=\"wp-image-1321 size-full\" src=\"https:\/\/tekno-test.fi\/wordpress\/wp-content\/uploads\/2020\/10\/pde25.jpg\" alt=\"\" \/><\/figure>\r\n<div class=\"wp-block-media-text__content\">\r\n<p class=\"has-small-font-size\"><strong>GLORIA<\/strong> <strong>PDE25<\/strong><\/p>\r\n\r\n\r\n\r\n<p class=\"has-small-font-size\">25KG JAUHE<br \/>-30 &#8211; +60 \u00b0C<\/p>\r\n\r\n\r\n\r\n<p class=\"has-small-font-size\">25kg jauhe<\/p>\r\n\r\n\r\n\r\n<p>&nbsp;<\/p>\r\n<\/div>\r\n<\/div>\r\n\r\n\r\n\r\n<p>&nbsp;<\/p>\r\n<\/div>\r\n\r\n\r\n\r\n<div class=\"wp-block-column is-layout-flow wp-block-column-is-layout-flow\">\r\n<div class=\"wp-block-media-text alignwide\" style=\"grid-template-columns: 71% auto;\">\r\n<figure class=\"wp-block-media-text__media\"><img loading=\"lazy\" decoding=\"async\" width=\"711\" height=\"1024\" class=\"wp-image-1322 size-full\" src=\"https:\/\/tekno-test.fi\/wordpress\/wp-content\/uploads\/2020\/10\/p50g-711x1024.jpg\" alt=\"\" srcset=\"https:\/\/tekno-test.fi\/wordpress\/wp-content\/uploads\/2020\/10\/p50g-711x1024.jpg 711w, https:\/\/tekno-test.fi\/wordpress\/wp-content\/uploads\/2020\/10\/p50g-800x1153.jpg 800w, https:\/\/tekno-test.fi\/wordpress\/wp-content\/uploads\/2020\/10\/p50g-208x300.jpg 208w, https:\/\/tekno-test.fi\/wordpress\/wp-content\/uploads\/2020\/10\/p50g-768x1107.jpg 768w, https:\/\/tekno-test.fi\/wordpress\/wp-content\/uploads\/2020\/10\/p50g-830x1196.jpg 830w, https:\/\/tekno-test.fi\/wordpress\/wp-content\/uploads\/2020\/10\/p50g-230x331.jpg 230w, https:\/\/tekno-test.fi\/wordpress\/wp-content\/uploads\/2020\/10\/p50g-350x504.jpg 350w, https:\/\/tekno-test.fi\/wordpress\/wp-content\/uploads\/2020\/10\/p50g-480x692.jpg 480w, https:\/\/tekno-test.fi\/wordpress\/wp-content\/uploads\/2020\/10\/p50g.jpg 1000w\" sizes=\"auto, (max-width: 711px) 100vw, 711px\" \/><\/figure>\r\n<div class=\"wp-block-media-text__content\">\r\n<p class=\"has-small-font-size\"><strong>GLORIA P50G<\/strong><\/p>\r\n\r\n\r\n\r\n<p class=\"has-small-font-size\">50KG JAUHE<br \/>-30 &#8211; +60 \u00b0C<\/p>\r\n\r\n\r\n\r\n<p class=\"has-small-font-size\">50kg jauhe.<\/p>\r\n<\/div>\r\n<\/div>\r\n\r\n\r\n\r\n<p>&nbsp;<\/p>\r\n<\/div>\r\n<\/div>\r\n\r\n\r\n\r\n<div class=\"wp-block-columns is-layout-flex wp-container-core-columns-is-layout-28f84493 wp-block-columns-is-layout-flex\">\r\n<div class=\"wp-block-column is-layout-flow wp-block-column-is-layout-flow\">\r\n<div class=\"wp-block-media-text alignwide\">\r\n<figure class=\"wp-block-media-text__media\"><img loading=\"lazy\" decoding=\"async\" width=\"195\" height=\"247\" class=\"wp-image-1323 size-full\" src=\"https:\/\/tekno-test.fi\/wordpress\/wp-content\/uploads\/2020\/10\/cf30.jpg\" alt=\"\" \/><\/figure>\r\n<div class=\"wp-block-media-text__content\">\r\n<p class=\"has-small-font-size\"><strong>GLORIA<\/strong> <strong>CF30<\/strong><\/p>\r\n\r\n\r\n\r\n<p class=\"has-small-font-size\">30KG 3X144B<br \/>-30 &#8211; +60 \u00b0C<\/p>\r\n\r\n\r\n\r\n<p class=\"has-small-font-size\">30kg Hiilidioksiidi<\/p>\r\n\r\n\r\n\r\n<p>&nbsp;<\/p>\r\n<\/div>\r\n<\/div>\r\n\r\n\r\n\r\n<p>&nbsp;<\/p>\r\n<\/div>\r\n\r\n\r\n\r\n<div class=\"wp-block-column is-layout-flow wp-block-column-is-layout-flow\">\r\n<div class=\"wp-block-media-text alignwide\" style=\"grid-template-columns: 71% auto;\">\r\n<figure class=\"wp-block-media-text__media\"><img loading=\"lazy\" decoding=\"async\" width=\"350\" height=\"441\" class=\"wp-image-1324 size-full\" src=\"https:\/\/tekno-test.fi\/wordpress\/wp-content\/uploads\/2020\/10\/FPRP9L.jpg\" alt=\"\" srcset=\"https:\/\/tekno-test.fi\/wordpress\/wp-content\/uploads\/2020\/10\/FPRP9L.jpg 350w, https:\/\/tekno-test.fi\/wordpress\/wp-content\/uploads\/2020\/10\/FPRP9L-238x300.jpg 238w, https:\/\/tekno-test.fi\/wordpress\/wp-content\/uploads\/2020\/10\/FPRP9L-230x290.jpg 230w\" sizes=\"auto, (max-width: 350px) 100vw, 350px\" \/><\/figure>\r\n<div class=\"wp-block-media-text__content\">\r\n<p class=\"has-small-font-size\"><strong>GLORIA FPRP9L<\/strong><\/p>\r\n\r\n\r\n\r\n<p class=\"has-small-font-size\">9KG LITH-X (L2)<br \/>-20 &#8211; +60 \u00b0C<\/p>\r\n\r\n\r\n\r\n<p class=\"has-small-font-size\">Metallipalosammutin<\/p>\r\n<\/div>\r\n<\/div>\r\n\r\n\r\n\r\n<p>&nbsp;<\/p>\r\n<\/div>\r\n<\/div>\r\n<\/div>\r\n\r\n<p>&nbsp;<\/p>\r\n<p>Klikkaamalla linkki\u00e4 saat lis\u00e4tietoa sammuttimista.<br \/><a href=\"https:\/\/turvanasi.fi\/tuote-osasto\/alkusammutus\/kasisammuttimet\/\">Sammuttimia<\/a><\/p>\r\n\r\n<p>&nbsp;<\/p>\r\n","protected":false},"excerpt":{"rendered":"<p>&nbsp; Myymme tunnetut Gloria ja Alku k\u00e4sisammuttimet. Nestevaahtosammuttimet kotiin tai julkisiin tiloihin Rasvapalosammutin ravintolakeitti\u00f6ihin Jauhesammutin ajoneuvoihin tai kylmiin tiloihin Hiilidioksiidisammutin esim. s\u00e4hk\u00f6keskuksiin [&hellip;]<\/p>\n","protected":false},"author":1,"featured_media":0,"parent":0,"menu_order":0,"comment_status":"closed","ping_status":"closed","template":"","meta":{"footnotes":""},"class_list":["post-178","page","type-page","status-publish","hentry"],"translation":{"provider":"WPGlobus","version":"3.0.2","language":"fi","enabled_languages":["sv","fi"],"languages":{"sv":{"title":true,"content":true,"excerpt":false},"fi":{"title":true,"content":true,"excerpt":false}}},"_links":{"self":[{"href":"https:\/\/tekno-test.fi\/fi\/wp-json\/wp\/v2\/pages\/178","targetHints":{"allow":["GET"]}}],"collection":[{"href":"https:\/\/tekno-test.fi\/fi\/wp-json\/wp\/v2\/pages"}],"about":[{"href":"https:\/\/tekno-test.fi\/fi\/wp-json\/wp\/v2\/types\/page"}],"author":[{"embeddable":true,"href":"https:\/\/tekno-test.fi\/fi\/wp-json\/wp\/v2\/users\/1"}],"replies":[{"embeddable":true,"href":"https:\/\/tekno-test.fi\/fi\/wp-json\/wp\/v2\/comments?post=178"}],"version-history":[{"count":57,"href":"https:\/\/tekno-test.fi\/fi\/wp-json\/wp\/v2\/pages\/178\/revisions"}],"predecessor-version":[{"id":1781,"href":"https:\/\/tekno-test.fi\/fi\/wp-json\/wp\/v2\/pages\/178\/revisions\/1781"}],"wp:attachment":[{"href":"https:\/\/tekno-test.fi\/fi\/wp-json\/wp\/v2\/media?parent=178"}],"curies":[{"name":"wp","href":"https:\/\/api.w.org\/{rel}","templated":true}]}}