{"id":1160,"date":"2020-06-30T20:57:26","date_gmt":"2020-06-30T18:57:26","guid":{"rendered":"http:\/\/tekno-test.fi\/?page_id=1160"},"modified":"2023-06-03T12:00:31","modified_gmt":"2023-06-03T10:00:31","slug":"tjanster","status":"publish","type":"page","link":"https:\/\/tekno-test.fi\/fi\/tjanster\/","title":{"rendered":"Palvelut"},"content":{"rendered":"\n<div class=\"wp-block-media-text alignwide is-image-fill\"><figure class=\"wp-block-media-text__media\" style=\"background-image:url(https:\/\/tekno-test.fi\/wordpress\/wp-content\/uploads\/2020\/03\/53224161_1118240731633177_4067700243993460736_o-768x1024.jpg);background-position:67% 32%\"><img loading=\"lazy\" decoding=\"async\" width=\"768\" height=\"1024\" src=\"https:\/\/tekno-test.fi\/wordpress\/wp-content\/uploads\/2020\/03\/53224161_1118240731633177_4067700243993460736_o-768x1024.jpg\" alt=\"\" class=\"wp-image-1170 size-full\" srcset=\"https:\/\/tekno-test.fi\/wordpress\/wp-content\/uploads\/2020\/03\/53224161_1118240731633177_4067700243993460736_o-768x1024.jpg 768w, https:\/\/tekno-test.fi\/wordpress\/wp-content\/uploads\/2020\/03\/53224161_1118240731633177_4067700243993460736_o-800x1067.jpg 800w, https:\/\/tekno-test.fi\/wordpress\/wp-content\/uploads\/2020\/03\/53224161_1118240731633177_4067700243993460736_o-225x300.jpg 225w, https:\/\/tekno-test.fi\/wordpress\/wp-content\/uploads\/2020\/03\/53224161_1118240731633177_4067700243993460736_o-1152x1536.jpg 1152w, https:\/\/tekno-test.fi\/wordpress\/wp-content\/uploads\/2020\/03\/53224161_1118240731633177_4067700243993460736_o-830x1107.jpg 830w, https:\/\/tekno-test.fi\/wordpress\/wp-content\/uploads\/2020\/03\/53224161_1118240731633177_4067700243993460736_o-230x307.jpg 230w, https:\/\/tekno-test.fi\/wordpress\/wp-content\/uploads\/2020\/03\/53224161_1118240731633177_4067700243993460736_o-350x467.jpg 350w, https:\/\/tekno-test.fi\/wordpress\/wp-content\/uploads\/2020\/03\/53224161_1118240731633177_4067700243993460736_o-480x640.jpg 480w, https:\/\/tekno-test.fi\/wordpress\/wp-content\/uploads\/2020\/03\/53224161_1118240731633177_4067700243993460736_o.jpg 1296w\" sizes=\"auto, (max-width: 768px) 100vw, 768px\" \/><\/figure><div class=\"wp-block-media-text__content\">\n<p class=\"has-text-align-center has-medium-font-size\">Sammuttimet<\/p>\n\n\n\n<p class=\"has-text-align-center\">Tarkastus, varaosat, huolto ja koeponnistukset. <br><a href=\"https:\/\/tekno-test.fi\/fi\/palvelut\/kasisammuttimien-tarkastus\/\">Lue lis\u00e4\u00e4 sammuttimien tarkastuksesta.<\/a><\/p>\n<\/div><\/div>\n\n\n\n<hr class=\"wp-block-separator has-css-opacity\"\/>\n\n\n\n<div class=\"wp-block-media-text alignwide is-image-fill\"><figure class=\"wp-block-media-text__media\" style=\"background-image:url(https:\/\/tekno-test.fi\/wordpress\/wp-content\/uploads\/2020\/03\/20200211_092824.jpg);background-position:50% 50%\"><img loading=\"lazy\" decoding=\"async\" width=\"384\" height=\"512\" src=\"https:\/\/tekno-test.fi\/wordpress\/wp-content\/uploads\/2020\/03\/20200211_092824.jpg\" alt=\"\" class=\"wp-image-1174 size-full\" srcset=\"https:\/\/tekno-test.fi\/wordpress\/wp-content\/uploads\/2020\/03\/20200211_092824.jpg 384w, https:\/\/tekno-test.fi\/wordpress\/wp-content\/uploads\/2020\/03\/20200211_092824-225x300.jpg 225w, https:\/\/tekno-test.fi\/wordpress\/wp-content\/uploads\/2020\/03\/20200211_092824-230x307.jpg 230w, https:\/\/tekno-test.fi\/wordpress\/wp-content\/uploads\/2020\/03\/20200211_092824-350x467.jpg 350w\" sizes=\"auto, (max-width: 384px) 100vw, 384px\" \/><\/figure><div class=\"wp-block-media-text__content\">\n<p class=\"has-text-align-center has-medium-font-size\">Palopostit<\/p>\n\n\n\n<p class=\"has-text-align-center\">Tarkastus, varaosat, huolto ja koeponnistukset <\/p>\n<\/div><\/div>\n\n\n\n<hr class=\"wp-block-separator has-css-opacity\"\/>\n\n\n\n<div class=\"wp-block-media-text alignwide is-stacked-on-mobile is-image-fill\"><figure class=\"wp-block-media-text__media\" style=\"background-image:url(https:\/\/tekno-test.fi\/wordpress\/wp-content\/uploads\/2020\/03\/20200331_114307-1024x766.jpg);background-position:50% 50%\"><img loading=\"lazy\" decoding=\"async\" width=\"1024\" height=\"766\" src=\"https:\/\/tekno-test.fi\/wordpress\/wp-content\/uploads\/2020\/03\/20200331_114307-1024x766.jpg\" alt=\"\" class=\"wp-image-1192 size-full\" srcset=\"https:\/\/tekno-test.fi\/wordpress\/wp-content\/uploads\/2020\/03\/20200331_114307-1024x766.jpg 1024w, https:\/\/tekno-test.fi\/wordpress\/wp-content\/uploads\/2020\/03\/20200331_114307-800x599.jpg 800w, https:\/\/tekno-test.fi\/wordpress\/wp-content\/uploads\/2020\/03\/20200331_114307-300x225.jpg 300w, https:\/\/tekno-test.fi\/wordpress\/wp-content\/uploads\/2020\/03\/20200331_114307-768x575.jpg 768w, https:\/\/tekno-test.fi\/wordpress\/wp-content\/uploads\/2020\/03\/20200331_114307-830x621.jpg 830w, https:\/\/tekno-test.fi\/wordpress\/wp-content\/uploads\/2020\/03\/20200331_114307-230x172.jpg 230w, https:\/\/tekno-test.fi\/wordpress\/wp-content\/uploads\/2020\/03\/20200331_114307-350x262.jpg 350w, https:\/\/tekno-test.fi\/wordpress\/wp-content\/uploads\/2020\/03\/20200331_114307-480x359.jpg 480w, https:\/\/tekno-test.fi\/wordpress\/wp-content\/uploads\/2020\/03\/20200331_114307.jpg 1288w\" sizes=\"auto, (max-width: 1024px) 100vw, 1024px\" \/><\/figure><div class=\"wp-block-media-text__content\">\n<p class=\"has-text-align-center has-medium-font-size\">Nestekaasuj\u00e4rjestelm\u00e4t<\/p>\n\n\n\n<p class=\"has-text-align-center\">Asennukset, koeponnistukset ja huolto<\/p>\n<\/div><\/div>\n\n\n\n<hr class=\"wp-block-separator has-css-opacity\"\/>\n\n\n\n<div class=\"wp-block-media-text alignwide is-image-fill\"><figure class=\"wp-block-media-text__media\" style=\"background-image:url(https:\/\/tekno-test.fi\/wordpress\/wp-content\/uploads\/2020\/03\/220th_sm_lIlN5nQ7IEH2.jpg);background-position:55% 90%\"><img loading=\"lazy\" decoding=\"async\" width=\"219\" height=\"146\" src=\"https:\/\/tekno-test.fi\/wordpress\/wp-content\/uploads\/2020\/03\/220th_sm_lIlN5nQ7IEH2.jpg\" alt=\"\" class=\"wp-image-1173 size-full\"\/><\/figure><div class=\"wp-block-media-text__content\">\n<p class=\"has-text-align-center has-medium-font-size\">Ilmapullot<\/p>\n\n\n\n<p class=\"has-text-align-center\">T\u00e4yt\u00f6t ja koeponnistukset<\/p>\n<\/div><\/div>\n\n\n\n<hr class=\"wp-block-separator has-css-opacity\"\/>\n\n\n\n<div class=\"wp-block-media-text alignwide is-image-fill\"><figure class=\"wp-block-media-text__media\" style=\"background-image:url(https:\/\/tekno-test.fi\/wordpress\/wp-content\/uploads\/2018\/02\/sostk.teli_.jpg);background-position:50% 50%\"><img loading=\"lazy\" decoding=\"async\" width=\"200\" height=\"200\" src=\"https:\/\/tekno-test.fi\/wordpress\/wp-content\/uploads\/2018\/02\/sostk.teli_.jpg\" alt=\"\" class=\"wp-image-950 size-full\" srcset=\"https:\/\/tekno-test.fi\/wordpress\/wp-content\/uploads\/2018\/02\/sostk.teli_.jpg 200w, https:\/\/tekno-test.fi\/wordpress\/wp-content\/uploads\/2018\/02\/sostk.teli_-100x100.jpg 100w, https:\/\/tekno-test.fi\/wordpress\/wp-content\/uploads\/2018\/02\/sostk.teli_-150x150.jpg 150w\" sizes=\"auto, (max-width: 200px) 100vw, 200px\" \/><\/figure><div class=\"wp-block-media-text__content\">\n<p class=\"has-text-align-center has-medium-font-size\">V\u00e4est\u00f6nsuojat<\/p>\n\n\n\n<p class=\"has-text-align-center\"> Tarkastus, tarvikkeet ja koeponnistukset  <\/p>\n<\/div><\/div>\n\n\n\n<hr class=\"wp-block-separator has-css-opacity\"\/>\n\n\n\n<div class=\"wp-block-media-text alignwide is-image-fill\"><figure class=\"wp-block-media-text__media\" style=\"background-image:url(https:\/\/tekno-test.fi\/wordpress\/wp-content\/uploads\/2020\/03\/10180191-682x1024.jpg);background-position:50% 50%\"><img loading=\"lazy\" decoding=\"async\" width=\"682\" height=\"1024\" src=\"https:\/\/tekno-test.fi\/wordpress\/wp-content\/uploads\/2020\/03\/10180191-682x1024.jpg\" alt=\"\" class=\"wp-image-1175 size-full\" srcset=\"https:\/\/tekno-test.fi\/wordpress\/wp-content\/uploads\/2020\/03\/10180191-682x1024.jpg 682w, https:\/\/tekno-test.fi\/wordpress\/wp-content\/uploads\/2020\/03\/10180191-800x1201.jpg 800w, https:\/\/tekno-test.fi\/wordpress\/wp-content\/uploads\/2020\/03\/10180191-200x300.jpg 200w, https:\/\/tekno-test.fi\/wordpress\/wp-content\/uploads\/2020\/03\/10180191-768x1153.jpg 768w, https:\/\/tekno-test.fi\/wordpress\/wp-content\/uploads\/2020\/03\/10180191-1023x1536.jpg 1023w, https:\/\/tekno-test.fi\/wordpress\/wp-content\/uploads\/2020\/03\/10180191-830x1246.jpg 830w, https:\/\/tekno-test.fi\/wordpress\/wp-content\/uploads\/2020\/03\/10180191-230x345.jpg 230w, https:\/\/tekno-test.fi\/wordpress\/wp-content\/uploads\/2020\/03\/10180191-350x525.jpg 350w, https:\/\/tekno-test.fi\/wordpress\/wp-content\/uploads\/2020\/03\/10180191-480x720.jpg 480w, https:\/\/tekno-test.fi\/wordpress\/wp-content\/uploads\/2020\/03\/10180191.jpg 1030w\" sizes=\"auto, (max-width: 682px) 100vw, 682px\" \/><\/figure><div class=\"wp-block-media-text__content\">\n<p class=\"has-text-align-center has-medium-font-size\">Putoamissuojaimet<\/p>\n\n\n\n<p class=\"has-text-align-center\">Tarkastus<\/p>\n<\/div><\/div>\n\n\n\n<hr class=\"wp-block-separator has-css-opacity\"\/>\n\n\n\n<div class=\"wp-block-media-text alignwide is-image-fill\"><figure class=\"wp-block-media-text__media\" style=\"background-image:url(https:\/\/tekno-test.fi\/wordpress\/wp-content\/uploads\/2020\/03\/20200203_105123-768x1024.jpg);background-position:38% 100%\"><img loading=\"lazy\" decoding=\"async\" width=\"768\" height=\"1024\" src=\"https:\/\/tekno-test.fi\/wordpress\/wp-content\/uploads\/2020\/03\/20200203_105123-768x1024.jpg\" alt=\"\" class=\"wp-image-1165 size-full\" srcset=\"https:\/\/tekno-test.fi\/wordpress\/wp-content\/uploads\/2020\/03\/20200203_105123-768x1024.jpg 768w, https:\/\/tekno-test.fi\/wordpress\/wp-content\/uploads\/2020\/03\/20200203_105123-scaled-800x1067.jpg 800w, https:\/\/tekno-test.fi\/wordpress\/wp-content\/uploads\/2020\/03\/20200203_105123-225x300.jpg 225w, https:\/\/tekno-test.fi\/wordpress\/wp-content\/uploads\/2020\/03\/20200203_105123-1152x1536.jpg 1152w, https:\/\/tekno-test.fi\/wordpress\/wp-content\/uploads\/2020\/03\/20200203_105123-1536x2048.jpg 1536w, https:\/\/tekno-test.fi\/wordpress\/wp-content\/uploads\/2020\/03\/20200203_105123-830x1107.jpg 830w, https:\/\/tekno-test.fi\/wordpress\/wp-content\/uploads\/2020\/03\/20200203_105123-230x307.jpg 230w, https:\/\/tekno-test.fi\/wordpress\/wp-content\/uploads\/2020\/03\/20200203_105123-350x467.jpg 350w, https:\/\/tekno-test.fi\/wordpress\/wp-content\/uploads\/2020\/03\/20200203_105123-480x640.jpg 480w, https:\/\/tekno-test.fi\/wordpress\/wp-content\/uploads\/2020\/03\/20200203_105123-scaled.jpg 1920w\" sizes=\"auto, (max-width: 768px) 100vw, 768px\" \/><\/figure><div class=\"wp-block-media-text__content\">\n<p class=\"has-text-align-center has-medium-font-size\">Kiinteist\u00f6jen <br>poistumisturvallisuus<\/p>\n\n\n\n<p class=\"has-text-align-center\">Tarkastus, ehdotukset ja poistumistiekyltityksen parannukset<\/p>\n<\/div><\/div>\n\n\n\n<hr class=\"wp-block-separator has-css-opacity\"\/>\n\n\n\n<div class=\"wp-block-media-text alignwide\"><figure class=\"wp-block-media-text__media\"><img loading=\"lazy\" decoding=\"async\" width=\"574\" height=\"427\" src=\"https:\/\/tekno-test.fi\/wordpress\/wp-content\/uploads\/2020\/03\/modell-utryming.png\" alt=\"\" class=\"wp-image-1215 size-full\" srcset=\"https:\/\/tekno-test.fi\/wordpress\/wp-content\/uploads\/2020\/03\/modell-utryming.png 574w, https:\/\/tekno-test.fi\/wordpress\/wp-content\/uploads\/2020\/03\/modell-utryming-300x223.png 300w, https:\/\/tekno-test.fi\/wordpress\/wp-content\/uploads\/2020\/03\/modell-utryming-230x171.png 230w, https:\/\/tekno-test.fi\/wordpress\/wp-content\/uploads\/2020\/03\/modell-utryming-350x260.png 350w, https:\/\/tekno-test.fi\/wordpress\/wp-content\/uploads\/2020\/03\/modell-utryming-480x357.png 480w\" sizes=\"auto, (max-width: 574px) 100vw, 574px\" \/><\/figure><div class=\"wp-block-media-text__content\">\n<p class=\"has-text-align-center has-medium-font-size\">Poistumistiekaaviot<\/p>\n\n\n\n<p class=\"has-text-align-center\">Uudet poistumistiekaaviot sek\u00e4 vanhojen p\u00e4ivitys<\/p>\n<\/div><\/div>\n\n\n\n<hr class=\"wp-block-separator has-css-opacity\"\/>\n\n\n\n<div class=\"wp-block-media-text alignwide is-image-fill\"><figure class=\"wp-block-media-text__media\" style=\"background-image:url(https:\/\/tekno-test.fi\/wordpress\/wp-content\/uploads\/2016\/12\/honda-studio-hrg536-vy-0197_reference.jpg);background-position:51% 93%\"><img loading=\"lazy\" decoding=\"async\" width=\"940\" height=\"705\" src=\"https:\/\/tekno-test.fi\/wordpress\/wp-content\/uploads\/2016\/12\/honda-studio-hrg536-vy-0197_reference.jpg\" alt=\"\" class=\"wp-image-276 size-full\" srcset=\"https:\/\/tekno-test.fi\/wordpress\/wp-content\/uploads\/2016\/12\/honda-studio-hrg536-vy-0197_reference.jpg 940w, https:\/\/tekno-test.fi\/wordpress\/wp-content\/uploads\/2016\/12\/honda-studio-hrg536-vy-0197_reference-800x600.jpg 800w, https:\/\/tekno-test.fi\/wordpress\/wp-content\/uploads\/2016\/12\/honda-studio-hrg536-vy-0197_reference-300x225.jpg 300w, https:\/\/tekno-test.fi\/wordpress\/wp-content\/uploads\/2016\/12\/honda-studio-hrg536-vy-0197_reference-768x576.jpg 768w\" sizes=\"auto, (max-width: 940px) 100vw, 940px\" \/><\/figure><div class=\"wp-block-media-text__content\">\n<p class=\"has-text-align-center has-medium-font-size\">Pienkoneet<\/p>\n\n\n\n<p class=\"has-text-align-center\">Kunnossapito sek\u00e4 varaosat<\/p>\n<\/div><\/div>\n\n\n\n<hr class=\"wp-block-separator has-css-opacity\"\/>\n\n\n\n<div class=\"wp-block-media-text alignwide\"><figure class=\"wp-block-media-text__media\"><img loading=\"lazy\" decoding=\"async\" width=\"960\" height=\"540\" src=\"https:\/\/tekno-test.fi\/wordpress\/wp-content\/uploads\/2020\/03\/fire_extinguisher_1-1.jpg\" alt=\"\" class=\"wp-image-1200 size-full\" srcset=\"https:\/\/tekno-test.fi\/wordpress\/wp-content\/uploads\/2020\/03\/fire_extinguisher_1-1.jpg 960w, https:\/\/tekno-test.fi\/wordpress\/wp-content\/uploads\/2020\/03\/fire_extinguisher_1-1-800x450.jpg 800w, https:\/\/tekno-test.fi\/wordpress\/wp-content\/uploads\/2020\/03\/fire_extinguisher_1-1-300x169.jpg 300w, https:\/\/tekno-test.fi\/wordpress\/wp-content\/uploads\/2020\/03\/fire_extinguisher_1-1-768x432.jpg 768w, https:\/\/tekno-test.fi\/wordpress\/wp-content\/uploads\/2020\/03\/fire_extinguisher_1-1-830x467.jpg 830w, https:\/\/tekno-test.fi\/wordpress\/wp-content\/uploads\/2020\/03\/fire_extinguisher_1-1-230x129.jpg 230w, https:\/\/tekno-test.fi\/wordpress\/wp-content\/uploads\/2020\/03\/fire_extinguisher_1-1-350x197.jpg 350w, https:\/\/tekno-test.fi\/wordpress\/wp-content\/uploads\/2020\/03\/fire_extinguisher_1-1-480x270.jpg 480w\" sizes=\"auto, (max-width: 960px) 100vw, 960px\" \/><\/figure><div class=\"wp-block-media-text__content\">\n<p class=\"has-text-align-center has-medium-font-size\">Koulutus<\/p>\n\n\n\n<p class=\"has-text-align-center\">J\u00e4rjest\u00e4mme koulutusta sammuttimien ja sammutuspeitteiden k\u00e4yt\u00f6ss\u00e4.<br>Tarpeen mukaan my\u00f6s AS1-todistukset<\/p>\n<\/div><\/div>\n","protected":false},"excerpt":{"rendered":"<p>Sammuttimet Tarkastus, varaosat, huolto ja koeponnistukset. Lue lis\u00e4\u00e4 sammuttimien tarkastuksesta. Palopostit Tarkastus, varaosat, huolto ja koeponnistukset Nestekaasuj\u00e4rjestelm\u00e4t Asennukset, koeponnistukset ja huolto Ilmapullot [&hellip;]<\/p>\n","protected":false},"author":1,"featured_media":0,"parent":0,"menu_order":0,"comment_status":"closed","ping_status":"closed","template":"","meta":{"footnotes":""},"class_list":["post-1160","page","type-page","status-publish","hentry"],"translation":{"provider":"WPGlobus","version":"3.0.2","language":"fi","enabled_languages":["sv","fi"],"languages":{"sv":{"title":true,"content":true,"excerpt":false},"fi":{"title":true,"content":true,"excerpt":false}}},"_links":{"self":[{"href":"https:\/\/tekno-test.fi\/fi\/wp-json\/wp\/v2\/pages\/1160","targetHints":{"allow":["GET"]}}],"collection":[{"href":"https:\/\/tekno-test.fi\/fi\/wp-json\/wp\/v2\/pages"}],"about":[{"href":"https:\/\/tekno-test.fi\/fi\/wp-json\/wp\/v2\/types\/page"}],"author":[{"embeddable":true,"href":"https:\/\/tekno-test.fi\/fi\/wp-json\/wp\/v2\/users\/1"}],"replies":[{"embeddable":true,"href":"https:\/\/tekno-test.fi\/fi\/wp-json\/wp\/v2\/comments?post=1160"}],"version-history":[{"count":31,"href":"https:\/\/tekno-test.fi\/fi\/wp-json\/wp\/v2\/pages\/1160\/revisions"}],"predecessor-version":[{"id":1677,"href":"https:\/\/tekno-test.fi\/fi\/wp-json\/wp\/v2\/pages\/1160\/revisions\/1677"}],"wp:attachment":[{"href":"https:\/\/tekno-test.fi\/fi\/wp-json\/wp\/v2\/media?parent=1160"}],"curies":[{"name":"wp","href":"https:\/\/api.w.org\/{rel}","templated":true}]}}