{"id":1158,"date":"2020-06-30T20:51:22","date_gmt":"2020-06-30T18:51:22","guid":{"rendered":"http:\/\/tekno-test.fi\/?page_id=1158"},"modified":"2023-06-03T11:52:02","modified_gmt":"2023-06-03T09:52:02","slug":"svetstillbehor","status":"publish","type":"page","link":"https:\/\/tekno-test.fi\/fi\/svetstillbehor\/","title":{"rendered":"Hitsaustarvikkeet"},"content":{"rendered":"\n<div class=\"wp-block-media-text alignwide\" style=\"grid-template-columns:45% auto\"><figure class=\"wp-block-media-text__media\"><img loading=\"lazy\" decoding=\"async\" width=\"960\" height=\"288\" src=\"https:\/\/tekno-test.fi\/wordpress\/wp-content\/uploads\/2020\/03\/linde-logo-960x288-1.jpg\" alt=\"\" class=\"wp-image-1150 size-full\" srcset=\"https:\/\/tekno-test.fi\/wordpress\/wp-content\/uploads\/2020\/03\/linde-logo-960x288-1.jpg 960w, https:\/\/tekno-test.fi\/wordpress\/wp-content\/uploads\/2020\/03\/linde-logo-960x288-1-800x240.jpg 800w, https:\/\/tekno-test.fi\/wordpress\/wp-content\/uploads\/2020\/03\/linde-logo-960x288-1-300x90.jpg 300w, https:\/\/tekno-test.fi\/wordpress\/wp-content\/uploads\/2020\/03\/linde-logo-960x288-1-768x230.jpg 768w, https:\/\/tekno-test.fi\/wordpress\/wp-content\/uploads\/2020\/03\/linde-logo-960x288-1-830x249.jpg 830w, https:\/\/tekno-test.fi\/wordpress\/wp-content\/uploads\/2020\/03\/linde-logo-960x288-1-230x69.jpg 230w, https:\/\/tekno-test.fi\/wordpress\/wp-content\/uploads\/2020\/03\/linde-logo-960x288-1-350x105.jpg 350w, https:\/\/tekno-test.fi\/wordpress\/wp-content\/uploads\/2020\/03\/linde-logo-960x288-1-480x144.jpg 480w\" sizes=\"auto, (max-width: 960px) 100vw, 960px\" \/><\/figure><div class=\"wp-block-media-text__content\">\n<p>Myymme Linden hitsaustarvikkeet. Esim. X11 ja X21 kahvat, mutta my\u00f6s suuttimet ja varaosat.<br>Myymme kaasuhitsauslanka, hitsauspuikot sek\u00e4 MIGi lanka.<br>My\u00f6s hitsauslasit, kyp\u00e4r\u00e4t ja k\u00e4sineet.<\/p>\n<\/div><\/div>\n\n\n\n<p><\/p>\n","protected":false},"excerpt":{"rendered":"<p>Myymme Linden hitsaustarvikkeet. Esim. X11 ja X21 kahvat, mutta my\u00f6s suuttimet ja varaosat.Myymme kaasuhitsauslanka, hitsauspuikot sek\u00e4 MIGi lanka.My\u00f6s hitsauslasit, kyp\u00e4r\u00e4t ja k\u00e4sineet.<\/p>\n","protected":false},"author":1,"featured_media":0,"parent":0,"menu_order":0,"comment_status":"closed","ping_status":"closed","template":"","meta":{"footnotes":""},"class_list":["post-1158","page","type-page","status-publish","hentry"],"translation":{"provider":"WPGlobus","version":"3.0.2","language":"fi","enabled_languages":["sv","fi"],"languages":{"sv":{"title":true,"content":true,"excerpt":false},"fi":{"title":true,"content":true,"excerpt":false}}},"_links":{"self":[{"href":"https:\/\/tekno-test.fi\/fi\/wp-json\/wp\/v2\/pages\/1158","targetHints":{"allow":["GET"]}}],"collection":[{"href":"https:\/\/tekno-test.fi\/fi\/wp-json\/wp\/v2\/pages"}],"about":[{"href":"https:\/\/tekno-test.fi\/fi\/wp-json\/wp\/v2\/types\/page"}],"author":[{"embeddable":true,"href":"https:\/\/tekno-test.fi\/fi\/wp-json\/wp\/v2\/users\/1"}],"replies":[{"embeddable":true,"href":"https:\/\/tekno-test.fi\/fi\/wp-json\/wp\/v2\/comments?post=1158"}],"version-history":[{"count":6,"href":"https:\/\/tekno-test.fi\/fi\/wp-json\/wp\/v2\/pages\/1158\/revisions"}],"predecessor-version":[{"id":1669,"href":"https:\/\/tekno-test.fi\/fi\/wp-json\/wp\/v2\/pages\/1158\/revisions\/1669"}],"wp:attachment":[{"href":"https:\/\/tekno-test.fi\/fi\/wp-json\/wp\/v2\/media?parent=1158"}],"curies":[{"name":"wp","href":"https:\/\/api.w.org\/{rel}","templated":true}]}}