{"id":1130,"date":"2020-06-30T20:52:09","date_gmt":"2020-06-30T18:52:09","guid":{"rendered":"http:\/\/tekno-test.fi\/?page_id=1130"},"modified":"2026-04-13T11:35:46","modified_gmt":"2026-04-13T09:35:46","slug":"sakerhetsprodukter","status":"publish","type":"page","link":"https:\/\/tekno-test.fi\/fi\/sakerhetsprodukter\/","title":{"rendered":"Turvallisuustuotteet"},"content":{"rendered":"\r\n<figure class=\"wp-block-image size-full is-resized\"><img loading=\"lazy\" decoding=\"async\" class=\"wp-image-1134\" src=\"https:\/\/tekno-test.fi\/wordpress\/wp-content\/uploads\/2020\/03\/gloria_logo.jpg\" alt=\"\" width=\"250\" height=\"67\" srcset=\"https:\/\/tekno-test.fi\/wordpress\/wp-content\/uploads\/2020\/03\/gloria_logo.jpg 1000w, https:\/\/tekno-test.fi\/wordpress\/wp-content\/uploads\/2020\/03\/gloria_logo-800x213.jpg 800w, https:\/\/tekno-test.fi\/wordpress\/wp-content\/uploads\/2020\/03\/gloria_logo-300x80.jpg 300w, https:\/\/tekno-test.fi\/wordpress\/wp-content\/uploads\/2020\/03\/gloria_logo-768x204.jpg 768w, https:\/\/tekno-test.fi\/wordpress\/wp-content\/uploads\/2020\/03\/gloria_logo-830x221.jpg 830w, https:\/\/tekno-test.fi\/wordpress\/wp-content\/uploads\/2020\/03\/gloria_logo-230x61.jpg 230w, https:\/\/tekno-test.fi\/wordpress\/wp-content\/uploads\/2020\/03\/gloria_logo-350x93.jpg 350w, https:\/\/tekno-test.fi\/wordpress\/wp-content\/uploads\/2020\/03\/gloria_logo-480x128.jpg 480w\" sizes=\"auto, (max-width: 250px) 100vw, 250px\" \/><\/figure>\r\n\r\n\r\n\r\n<figure class=\"wp-block-image size-large is-resized\"><img loading=\"lazy\" decoding=\"async\" class=\"wp-image-1133\" src=\"https:\/\/tekno-test.fi\/wordpress\/wp-content\/uploads\/2020\/03\/ALKU_logo_rgb-1024x308.png\" alt=\"\" width=\"256\" height=\"77\" srcset=\"https:\/\/tekno-test.fi\/wordpress\/wp-content\/uploads\/2020\/03\/ALKU_logo_rgb-1024x308.png 1024w, https:\/\/tekno-test.fi\/wordpress\/wp-content\/uploads\/2020\/03\/ALKU_logo_rgb-800x240.png 800w, https:\/\/tekno-test.fi\/wordpress\/wp-content\/uploads\/2020\/03\/ALKU_logo_rgb-300x90.png 300w, https:\/\/tekno-test.fi\/wordpress\/wp-content\/uploads\/2020\/03\/ALKU_logo_rgb-768x231.png 768w, https:\/\/tekno-test.fi\/wordpress\/wp-content\/uploads\/2020\/03\/ALKU_logo_rgb-830x249.png 830w, https:\/\/tekno-test.fi\/wordpress\/wp-content\/uploads\/2020\/03\/ALKU_logo_rgb-230x69.png 230w, https:\/\/tekno-test.fi\/wordpress\/wp-content\/uploads\/2020\/03\/ALKU_logo_rgb-350x105.png 350w, https:\/\/tekno-test.fi\/wordpress\/wp-content\/uploads\/2020\/03\/ALKU_logo_rgb-480x144.png 480w, https:\/\/tekno-test.fi\/wordpress\/wp-content\/uploads\/2020\/03\/ALKU_logo_rgb.png 1292w\" sizes=\"auto, (max-width: 256px) 100vw, 256px\" \/><\/figure>\r\n\r\n\r\n\r\n<p class=\"has-text-align-left\">Meilt\u00e4 korkealaatuiset paloturvallisuustuotteet kotiin ja ty\u00f6paikalle!<\/p>\r\n\r\n\r\n\r\n<div class=\"wp-block-group is-layout-flow wp-block-group-is-layout-flow\"><hr class=\"wp-block-separator has-css-opacity\" \/>\r\n\r\n\r\n<div class=\"wp-block-media-text alignwide is-vertically-aligned-center\" style=\"grid-template-columns: 15% auto;\">\r\n<figure class=\"wp-block-media-text__media\"><a href=\"https:\/\/tekno-test.fi\/fi\/tuotteet\/sammuttimet\/\"><img loading=\"lazy\" decoding=\"async\" width=\"537\" height=\"1024\" class=\"wp-image-647 size-full\" src=\"https:\/\/tekno-test.fi\/wordpress\/wp-content\/uploads\/2016\/12\/Sdphe6-urklipp-537x1024.jpg\" alt=\"\" srcset=\"https:\/\/tekno-test.fi\/wordpress\/wp-content\/uploads\/2016\/12\/Sdphe6-urklipp-537x1024.jpg 537w, https:\/\/tekno-test.fi\/wordpress\/wp-content\/uploads\/2016\/12\/Sdphe6-urklipp-800x1526.jpg 800w, https:\/\/tekno-test.fi\/wordpress\/wp-content\/uploads\/2016\/12\/Sdphe6-urklipp-157x300.jpg 157w, https:\/\/tekno-test.fi\/wordpress\/wp-content\/uploads\/2016\/12\/Sdphe6-urklipp-768x1465.jpg 768w, https:\/\/tekno-test.fi\/wordpress\/wp-content\/uploads\/2016\/12\/Sdphe6-urklipp-scaled.jpg 1342w\" sizes=\"auto, (max-width: 537px) 100vw, 537px\" \/><\/a><\/figure>\r\n<div class=\"wp-block-media-text__content\">\r\n<p class=\"has-normal-font-size\">K\u00e4sisammuttimet<\/p>\r\n\r\n\r\n\r\n<p><strong><a href=\"https:\/\/tekno-test.fi\/fi\/tuotteet\/sammuttimet\/\">LUE LIS\u00c4\u00c4<\/a> <\/strong><\/p>\r\n<\/div>\r\n<\/div>\r\n\r\n\r\n<hr class=\"wp-block-separator has-css-opacity\" \/>\r\n\r\n\r\n<div class=\"wp-block-media-text alignwide is-vertically-aligned-center\" style=\"grid-template-columns: 15% auto;\">\r\n<figure class=\"wp-block-media-text__media\"><a href=\"https:\/\/tekno-test.fi\/fi\/tuotteet\/palovaroittimet\/\"><img loading=\"lazy\" decoding=\"async\" width=\"500\" height=\"500\" class=\"wp-image-1651 size-full\" src=\"https:\/\/tekno-test.fi\/wordpress\/wp-content\/uploads\/2023\/06\/18-0000-21-gs526-kartong_brv.jpg\" alt=\"\" srcset=\"https:\/\/tekno-test.fi\/wordpress\/wp-content\/uploads\/2023\/06\/18-0000-21-gs526-kartong_brv.jpg 500w, https:\/\/tekno-test.fi\/wordpress\/wp-content\/uploads\/2023\/06\/18-0000-21-gs526-kartong_brv-300x300.jpg 300w, https:\/\/tekno-test.fi\/wordpress\/wp-content\/uploads\/2023\/06\/18-0000-21-gs526-kartong_brv-150x150.jpg 150w, https:\/\/tekno-test.fi\/wordpress\/wp-content\/uploads\/2023\/06\/18-0000-21-gs526-kartong_brv-230x230.jpg 230w, https:\/\/tekno-test.fi\/wordpress\/wp-content\/uploads\/2023\/06\/18-0000-21-gs526-kartong_brv-350x350.jpg 350w, https:\/\/tekno-test.fi\/wordpress\/wp-content\/uploads\/2023\/06\/18-0000-21-gs526-kartong_brv-480x480.jpg 480w\" sizes=\"auto, (max-width: 500px) 100vw, 500px\" \/><\/a><\/figure>\r\n<div class=\"wp-block-media-text__content\">\r\n<p class=\"has-normal-font-size\">Palovaroittimet<\/p>\r\n\r\n\r\n\r\n<p><strong><a href=\"https:\/\/tekno-test.fi\/fi\/tuotteet\/palovaroittimet\/\">LUE LIS\u00c4\u00c4<\/a><\/strong><\/p>\r\n<\/div>\r\n<\/div>\r\n<\/div>\r\n\r\n\r\n<hr class=\"wp-block-separator has-css-opacity\" \/>\r\n\r\n\r\n<div class=\"wp-block-media-text alignwide\" style=\"grid-template-columns: 15% auto;\">\r\n<figure class=\"wp-block-media-text__media\"><a href=\"https:\/\/tekno-test.fi\/fi\/tuotteet\/sammutuspeitteet-ja-hitsauspeitteet\/\"><img loading=\"lazy\" decoding=\"async\" width=\"204\" height=\"195\" class=\"wp-image-847 size-full\" src=\"https:\/\/tekno-test.fi\/wordpress\/wp-content\/uploads\/2018\/02\/sos180.jpg\" alt=\"\" \/><\/a><\/figure>\r\n<div class=\"wp-block-media-text__content\">\r\n<p class=\"has-normal-font-size\">Sammutuspeitteet ja hitsauspeitteet<\/p>\r\n\r\n\r\n\r\n<p><strong><a href=\"https:\/\/tekno-test.fi\/fi\/tuotteet\/sammutuspeitteet-ja-hitsauspeitteet\/\">LUE LIS\u00c4\u00c4<\/a><\/strong><\/p>\r\n<\/div>\r\n<\/div>\r\n\r\n\r\n<hr class=\"wp-block-separator has-css-opacity\" \/>\r\n\r\n\r\n<div class=\"wp-block-media-text alignwide\" style=\"grid-template-columns: 15% auto;\">\r\n<figure class=\"wp-block-media-text__media\"><a href=\"https:\/\/tekno-test.fi\/fi\/tuotteet\/turvaopasteet-ja-monenlaiset-kyltit\/\"><img loading=\"lazy\" decoding=\"async\" width=\"250\" height=\"350\" class=\"wp-image-116 size-full\" src=\"https:\/\/tekno-test.fi\/wordpress\/wp-content\/uploads\/2016\/11\/sammutinmerkki.jpg\" alt=\"\" srcset=\"https:\/\/tekno-test.fi\/wordpress\/wp-content\/uploads\/2016\/11\/sammutinmerkki.jpg 250w, https:\/\/tekno-test.fi\/wordpress\/wp-content\/uploads\/2016\/11\/sammutinmerkki-214x300.jpg 214w\" sizes=\"auto, (max-width: 250px) 100vw, 250px\" \/><\/a><\/figure>\r\n<div class=\"wp-block-media-text__content\">\r\n<p class=\"has-normal-font-size\">Kyltit ja merkit<\/p>\r\n\r\n\r\n\r\n<p><strong><a href=\"https:\/\/tekno-test.fi\/fi\/tuotteet\/turvaopasteet-ja-monenlaiset-kyltit\/\">LUE LIS\u00c4\u00c4<\/a><\/strong><\/p>\r\n<\/div>\r\n<\/div>\r\n\r\n\r\n<hr class=\"wp-block-separator has-css-opacity\" \/>\r\n\r\n\r\n<div class=\"wp-block-media-text alignwide\" style=\"grid-template-columns: 15% auto;\">\r\n<figure class=\"wp-block-media-text__media\"><a href=\"https:\/\/tekno-test.fi\/fi\/tuotteet\/ensiaputuotteet\/\"><img loading=\"lazy\" decoding=\"async\" width=\"372\" height=\"500\" class=\"wp-image-112 size-full\" src=\"https:\/\/tekno-test.fi\/wordpress\/wp-content\/uploads\/2016\/11\/image722.jpg\" alt=\"\" srcset=\"https:\/\/tekno-test.fi\/wordpress\/wp-content\/uploads\/2016\/11\/image722.jpg 372w, https:\/\/tekno-test.fi\/wordpress\/wp-content\/uploads\/2016\/11\/image722-223x300.jpg 223w\" sizes=\"auto, (max-width: 372px) 100vw, 372px\" \/><\/a><\/figure>\r\n<div class=\"wp-block-media-text__content\">\r\n<p class=\"has-normal-font-size\">Ensiaputuotteet<\/p>\r\n\r\n\r\n\r\n<p><strong><a href=\"https:\/\/tekno-test.fi\/fi\/tuotteet\/ensiaputuotteet\/\">LUE LIS\u00c4\u00c4<\/a><\/strong><\/p>\r\n<\/div>\r\n<\/div>\r\n\r\n\r\n<hr class=\"wp-block-separator has-css-opacity\" \/>\r\n\r\n\r\n<div class=\"wp-block-media-text alignwide\" style=\"grid-template-columns: 15% auto;\">\r\n<figure class=\"wp-block-media-text__media\"><img loading=\"lazy\" decoding=\"async\" width=\"200\" height=\"200\" class=\"wp-image-950 size-full\" src=\"https:\/\/tekno-test.fi\/wordpress\/wp-content\/uploads\/2018\/02\/sostk.teli_.jpg\" alt=\"\" srcset=\"https:\/\/tekno-test.fi\/wordpress\/wp-content\/uploads\/2018\/02\/sostk.teli_.jpg 200w, https:\/\/tekno-test.fi\/wordpress\/wp-content\/uploads\/2018\/02\/sostk.teli_-100x100.jpg 100w, https:\/\/tekno-test.fi\/wordpress\/wp-content\/uploads\/2018\/02\/sostk.teli_-150x150.jpg 150w\" sizes=\"auto, (max-width: 200px) 100vw, 200px\" \/><\/figure>\r\n<div class=\"wp-block-media-text__content\">\r\n<p class=\"has-normal-font-size\">V\u00e4est\u00f6nsuojan tarvikkeet<\/p>\r\n\r\n\r\n\r\n<p>&nbsp;<\/p>\r\n<\/div>\r\n<\/div>\r\n\r\n\r\n<hr class=\"wp-block-separator has-css-opacity\" \/>\r\n\r\n\r\n<div class=\"wp-block-media-text alignwide\" style=\"grid-template-columns: 15% auto;\">\u00a0<\/div>\r\n<p>&nbsp;<\/p>","protected":false},"excerpt":{"rendered":"<p>Meilt\u00e4 korkealaatuiset paloturvallisuustuotteet kotiin ja ty\u00f6paikalle! K\u00e4sisammuttimet LUE LIS\u00c4\u00c4 Palovaroittimet LUE LIS\u00c4\u00c4 Sammutuspeitteet ja hitsauspeitteet LUE LIS\u00c4\u00c4 Kyltit ja merkit LUE LIS\u00c4\u00c4 [&hellip;]<\/p>\n","protected":false},"author":1,"featured_media":0,"parent":0,"menu_order":0,"comment_status":"closed","ping_status":"closed","template":"","meta":{"footnotes":""},"class_list":["post-1130","page","type-page","status-publish","hentry"],"translation":{"provider":"WPGlobus","version":"3.0.2","language":"fi","enabled_languages":["sv","fi"],"languages":{"sv":{"title":true,"content":true,"excerpt":false},"fi":{"title":true,"content":true,"excerpt":false}}},"_links":{"self":[{"href":"https:\/\/tekno-test.fi\/fi\/wp-json\/wp\/v2\/pages\/1130","targetHints":{"allow":["GET"]}}],"collection":[{"href":"https:\/\/tekno-test.fi\/fi\/wp-json\/wp\/v2\/pages"}],"about":[{"href":"https:\/\/tekno-test.fi\/fi\/wp-json\/wp\/v2\/types\/page"}],"author":[{"embeddable":true,"href":"https:\/\/tekno-test.fi\/fi\/wp-json\/wp\/v2\/users\/1"}],"replies":[{"embeddable":true,"href":"https:\/\/tekno-test.fi\/fi\/wp-json\/wp\/v2\/comments?post=1130"}],"version-history":[{"count":37,"href":"https:\/\/tekno-test.fi\/fi\/wp-json\/wp\/v2\/pages\/1130\/revisions"}],"predecessor-version":[{"id":1785,"href":"https:\/\/tekno-test.fi\/fi\/wp-json\/wp\/v2\/pages\/1130\/revisions\/1785"}],"wp:attachment":[{"href":"https:\/\/tekno-test.fi\/fi\/wp-json\/wp\/v2\/media?parent=1130"}],"curies":[{"name":"wp","href":"https:\/\/api.w.org\/{rel}","templated":true}]}}