{"id":1100,"date":"2020-06-30T20:51:41","date_gmt":"2020-06-30T18:51:41","guid":{"rendered":"http:\/\/tekno-test.fi\/?page_id=1100"},"modified":"2026-04-13T11:38:11","modified_gmt":"2026-04-13T09:38:11","slug":"smamaskiner","status":"publish","type":"page","link":"https:\/\/tekno-test.fi\/fi\/smamaskiner\/","title":{"rendered":"Pienkoneet"},"content":{"rendered":"\r\n<p>Myymme <strong>Honda <\/strong>pienkoneet sek\u00e4 koti ett\u00e4 ammattik\u00e4ytt\u00f6\u00f6n.<\/p>\r\n\r\n\r\n\r\n<figure class=\"wp-block-image size-full is-resized\"><img loading=\"lazy\" decoding=\"async\" class=\"wp-image-1119\" src=\"https:\/\/tekno-test.fi\/wordpress\/wp-content\/uploads\/2020\/03\/product-logo-honda-e1584214550184.png\" alt=\"\" width=\"200\" height=\"48\" srcset=\"https:\/\/tekno-test.fi\/wordpress\/wp-content\/uploads\/2020\/03\/product-logo-honda-e1584214550184.png 400w, https:\/\/tekno-test.fi\/wordpress\/wp-content\/uploads\/2020\/03\/product-logo-honda-e1584214550184-300x71.png 300w, https:\/\/tekno-test.fi\/wordpress\/wp-content\/uploads\/2020\/03\/product-logo-honda-e1584214550184-230x55.png 230w, https:\/\/tekno-test.fi\/wordpress\/wp-content\/uploads\/2020\/03\/product-logo-honda-e1584214550184-350x83.png 350w\" sizes=\"auto, (max-width: 200px) 100vw, 200px\" \/><\/figure>\r\n\r\n\r\n\r\n<ul class=\"wp-block-list\">\r\n<li>Ruohonleikkurit<\/li>\r\n\r\n\r\n\r\n<li>Lumilingot<\/li>\r\n\r\n\r\n\r\n<li>Generaattorit<\/li>\r\n\r\n\r\n\r\n<li>Trimmerit<\/li>\r\n\r\n\r\n\r\n<li>Vesipumput<\/li>\r\n\r\n\r\n\r\n<li>Raivaussahat<\/li>\r\n<\/ul>\r\n\r\n\r\n\r\n<p>Lue lis\u00e4\u00e4: <a href=\"http:\/\/hondapower.fi\">Hondapower.fi<\/a><\/p>\r\n\r\n\r\n\r\n<figure class=\"wp-block-gallery has-nested-images columns-default is-cropped wp-block-gallery-1 is-layout-flex wp-block-gallery-is-layout-flex\">\r\n<figure class=\"wp-block-image\"><img loading=\"lazy\" decoding=\"async\" width=\"940\" height=\"705\" data-id=\"276\" class=\"wp-image-276\" src=\"https:\/\/tekno-test.fi\/wordpress\/wp-content\/uploads\/2016\/12\/honda-studio-hrg536-vy-0197_reference.jpg\" alt=\"\" srcset=\"https:\/\/tekno-test.fi\/wordpress\/wp-content\/uploads\/2016\/12\/honda-studio-hrg536-vy-0197_reference.jpg 940w, https:\/\/tekno-test.fi\/wordpress\/wp-content\/uploads\/2016\/12\/honda-studio-hrg536-vy-0197_reference-800x600.jpg 800w, https:\/\/tekno-test.fi\/wordpress\/wp-content\/uploads\/2016\/12\/honda-studio-hrg536-vy-0197_reference-300x225.jpg 300w, https:\/\/tekno-test.fi\/wordpress\/wp-content\/uploads\/2016\/12\/honda-studio-hrg536-vy-0197_reference-768x576.jpg 768w\" sizes=\"auto, (max-width: 940px) 100vw, 940px\" \/>\r\n<figcaption class=\"wp-element-caption\">Honda<\/figcaption>\r\n<\/figure>\r\n\r\n\r\n\r\n<figure class=\"wp-block-image\"><img loading=\"lazy\" decoding=\"async\" width=\"940\" height=\"705\" data-id=\"274\" class=\"wp-image-274\" src=\"https:\/\/tekno-test.fi\/wordpress\/wp-content\/uploads\/2016\/12\/2015-honda-hss655-w-0002_reference.jpg\" alt=\"\" srcset=\"https:\/\/tekno-test.fi\/wordpress\/wp-content\/uploads\/2016\/12\/2015-honda-hss655-w-0002_reference.jpg 940w, https:\/\/tekno-test.fi\/wordpress\/wp-content\/uploads\/2016\/12\/2015-honda-hss655-w-0002_reference-800x600.jpg 800w, https:\/\/tekno-test.fi\/wordpress\/wp-content\/uploads\/2016\/12\/2015-honda-hss655-w-0002_reference-300x225.jpg 300w, https:\/\/tekno-test.fi\/wordpress\/wp-content\/uploads\/2016\/12\/2015-honda-hss655-w-0002_reference-768x576.jpg 768w\" sizes=\"auto, (max-width: 940px) 100vw, 940px\" \/>\r\n<figcaption class=\"wp-element-caption\">Honda<\/figcaption>\r\n<\/figure>\r\n\r\n\r\n\r\n<figure class=\"wp-block-image\"><img loading=\"lazy\" decoding=\"async\" width=\"1024\" height=\"768\" data-id=\"1114\" class=\"wp-image-1114\" src=\"https:\/\/tekno-test.fi\/wordpress\/wp-content\/uploads\/2020\/03\/wt40-big-4-1024x768.jpg\" alt=\"\" srcset=\"https:\/\/tekno-test.fi\/wordpress\/wp-content\/uploads\/2020\/03\/wt40-big-4-1024x768.jpg 1024w, https:\/\/tekno-test.fi\/wordpress\/wp-content\/uploads\/2020\/03\/wt40-big-4-800x600.jpg 800w, https:\/\/tekno-test.fi\/wordpress\/wp-content\/uploads\/2020\/03\/wt40-big-4-300x225.jpg 300w, https:\/\/tekno-test.fi\/wordpress\/wp-content\/uploads\/2020\/03\/wt40-big-4-768x576.jpg 768w, https:\/\/tekno-test.fi\/wordpress\/wp-content\/uploads\/2020\/03\/wt40-big-4-1536x1152.jpg 1536w, https:\/\/tekno-test.fi\/wordpress\/wp-content\/uploads\/2020\/03\/wt40-big-4-830x623.jpg 830w, https:\/\/tekno-test.fi\/wordpress\/wp-content\/uploads\/2020\/03\/wt40-big-4-230x173.jpg 230w, https:\/\/tekno-test.fi\/wordpress\/wp-content\/uploads\/2020\/03\/wt40-big-4-350x263.jpg 350w, https:\/\/tekno-test.fi\/wordpress\/wp-content\/uploads\/2020\/03\/wt40-big-4-480x360.jpg 480w, https:\/\/tekno-test.fi\/wordpress\/wp-content\/uploads\/2020\/03\/wt40-big-4.jpg 1600w\" sizes=\"auto, (max-width: 1024px) 100vw, 1024px\" \/>\r\n<figcaption class=\"wp-element-caption\">Honda<\/figcaption>\r\n<\/figure>\r\n\r\n\r\n\r\n<figure class=\"wp-block-image\"><img loading=\"lazy\" decoding=\"async\" width=\"1024\" height=\"768\" data-id=\"1113\" class=\"wp-image-1113\" src=\"https:\/\/tekno-test.fi\/wordpress\/wp-content\/uploads\/2020\/03\/ums-425-e1-ln-et-right-1024x768.jpg\" alt=\"\" srcset=\"https:\/\/tekno-test.fi\/wordpress\/wp-content\/uploads\/2020\/03\/ums-425-e1-ln-et-right-1024x768.jpg 1024w, https:\/\/tekno-test.fi\/wordpress\/wp-content\/uploads\/2020\/03\/ums-425-e1-ln-et-right-800x600.jpg 800w, https:\/\/tekno-test.fi\/wordpress\/wp-content\/uploads\/2020\/03\/ums-425-e1-ln-et-right-300x225.jpg 300w, https:\/\/tekno-test.fi\/wordpress\/wp-content\/uploads\/2020\/03\/ums-425-e1-ln-et-right-768x576.jpg 768w, https:\/\/tekno-test.fi\/wordpress\/wp-content\/uploads\/2020\/03\/ums-425-e1-ln-et-right-1536x1152.jpg 1536w, https:\/\/tekno-test.fi\/wordpress\/wp-content\/uploads\/2020\/03\/ums-425-e1-ln-et-right-830x623.jpg 830w, https:\/\/tekno-test.fi\/wordpress\/wp-content\/uploads\/2020\/03\/ums-425-e1-ln-et-right-230x173.jpg 230w, https:\/\/tekno-test.fi\/wordpress\/wp-content\/uploads\/2020\/03\/ums-425-e1-ln-et-right-350x263.jpg 350w, https:\/\/tekno-test.fi\/wordpress\/wp-content\/uploads\/2020\/03\/ums-425-e1-ln-et-right-480x360.jpg 480w, https:\/\/tekno-test.fi\/wordpress\/wp-content\/uploads\/2020\/03\/ums-425-e1-ln-et-right.jpg 1600w\" sizes=\"auto, (max-width: 1024px) 100vw, 1024px\" \/>\r\n<figcaption class=\"wp-element-caption\">Honda<\/figcaption>\r\n<\/figure>\r\n\r\n\r\n\r\n<figure class=\"wp-block-image\"><img loading=\"lazy\" decoding=\"async\" width=\"1024\" height=\"768\" data-id=\"1115\" class=\"wp-image-1115\" src=\"https:\/\/tekno-test.fi\/wordpress\/wp-content\/uploads\/2020\/03\/43106-eu22i-230v-fr-02-original-1024x768.jpg\" alt=\"\" srcset=\"https:\/\/tekno-test.fi\/wordpress\/wp-content\/uploads\/2020\/03\/43106-eu22i-230v-fr-02-original-1024x768.jpg 1024w, https:\/\/tekno-test.fi\/wordpress\/wp-content\/uploads\/2020\/03\/43106-eu22i-230v-fr-02-original-800x600.jpg 800w, https:\/\/tekno-test.fi\/wordpress\/wp-content\/uploads\/2020\/03\/43106-eu22i-230v-fr-02-original-300x225.jpg 300w, https:\/\/tekno-test.fi\/wordpress\/wp-content\/uploads\/2020\/03\/43106-eu22i-230v-fr-02-original-768x576.jpg 768w, https:\/\/tekno-test.fi\/wordpress\/wp-content\/uploads\/2020\/03\/43106-eu22i-230v-fr-02-original-1536x1152.jpg 1536w, https:\/\/tekno-test.fi\/wordpress\/wp-content\/uploads\/2020\/03\/43106-eu22i-230v-fr-02-original-830x623.jpg 830w, https:\/\/tekno-test.fi\/wordpress\/wp-content\/uploads\/2020\/03\/43106-eu22i-230v-fr-02-original-230x173.jpg 230w, https:\/\/tekno-test.fi\/wordpress\/wp-content\/uploads\/2020\/03\/43106-eu22i-230v-fr-02-original-350x263.jpg 350w, https:\/\/tekno-test.fi\/wordpress\/wp-content\/uploads\/2020\/03\/43106-eu22i-230v-fr-02-original-480x360.jpg 480w, https:\/\/tekno-test.fi\/wordpress\/wp-content\/uploads\/2020\/03\/43106-eu22i-230v-fr-02-original.jpg 1600w\" sizes=\"auto, (max-width: 1024px) 100vw, 1024px\" \/>\r\n<figcaption class=\"wp-element-caption\">Honda<\/figcaption>\r\n<\/figure>\r\n<\/figure>\r\n\r\n\r\n<\/figure>\r\n<!-- \/wp:post-content -->","protected":false},"excerpt":{"rendered":"<p>Myymme Honda pienkoneet sek\u00e4 koti ett\u00e4 ammattik\u00e4ytt\u00f6\u00f6n. Ruohonleikkurit Lumilingot Generaattorit Trimmerit Vesipumput Raivaussahat Lue lis\u00e4\u00e4: Hondapower.fi Honda Honda Honda Honda Honda<\/p>\n","protected":false},"author":1,"featured_media":0,"parent":0,"menu_order":0,"comment_status":"closed","ping_status":"closed","template":"","meta":{"footnotes":""},"class_list":["post-1100","page","type-page","status-publish","hentry"],"translation":{"provider":"WPGlobus","version":"3.0.2","language":"fi","enabled_languages":["sv","fi"],"languages":{"sv":{"title":true,"content":true,"excerpt":false},"fi":{"title":true,"content":true,"excerpt":false}}},"_links":{"self":[{"href":"https:\/\/tekno-test.fi\/fi\/wp-json\/wp\/v2\/pages\/1100","targetHints":{"allow":["GET"]}}],"collection":[{"href":"https:\/\/tekno-test.fi\/fi\/wp-json\/wp\/v2\/pages"}],"about":[{"href":"https:\/\/tekno-test.fi\/fi\/wp-json\/wp\/v2\/types\/page"}],"author":[{"embeddable":true,"href":"https:\/\/tekno-test.fi\/fi\/wp-json\/wp\/v2\/users\/1"}],"replies":[{"embeddable":true,"href":"https:\/\/tekno-test.fi\/fi\/wp-json\/wp\/v2\/comments?post=1100"}],"version-history":[{"count":24,"href":"https:\/\/tekno-test.fi\/fi\/wp-json\/wp\/v2\/pages\/1100\/revisions"}],"predecessor-version":[{"id":1789,"href":"https:\/\/tekno-test.fi\/fi\/wp-json\/wp\/v2\/pages\/1100\/revisions\/1789"}],"wp:attachment":[{"href":"https:\/\/tekno-test.fi\/fi\/wp-json\/wp\/v2\/media?parent=1100"}],"curies":[{"name":"wp","href":"https:\/\/api.w.org\/{rel}","templated":true}]}}